{"id":101,"date":"2023-08-04T15:47:33","date_gmt":"2023-08-04T15:47:33","guid":{"rendered":"https:\/\/exos.education\/fr\/?page_id=101"},"modified":"2023-09-28T14:32:33","modified_gmt":"2023-09-28T13:32:33","slug":"ce2","status":"publish","type":"page","link":"https:\/\/exos.education\/fr\/generateur-dexercices-pedagogiques-en-ligne-et-gratuits\/ce2\/","title":{"rendered":"Cr\u00e9ez Vos Propres Exercices \u00c9ducatifs pour \u00e9l\u00e8ves de CE2"},"content":{"rendered":"<p>[et_pb_section fb_built=\u00a0\u00bb1&Prime; _builder_version=\u00a0\u00bb4.16&Prime; global_colors_info=\u00a0\u00bb{}\u00a0\u00bb][et_pb_row _builder_version=\u00a0\u00bb4.16&Prime; background_size=\u00a0\u00bbinitial\u00a0\u00bb background_position=\u00a0\u00bbtop_left\u00a0\u00bb background_repeat=\u00a0\u00bbrepeat\u00a0\u00bb global_colors_info=\u00a0\u00bb{}\u00a0\u00bb][et_pb_column type=\u00a0\u00bb4_4&Prime; _builder_version=\u00a0\u00bb4.16&Prime; custom_padding=\u00a0\u00bb|||\u00a0\u00bb global_colors_info=\u00a0\u00bb{}\u00a0\u00bb custom_padding__hover=\u00a0\u00bb|||\u00a0\u00bb][et_pb_text _builder_version=\u00a0\u00bb4.21.0&Prime; background_size=\u00a0\u00bbinitial\u00a0\u00bb background_position=\u00a0\u00bbtop_left\u00a0\u00bb background_repeat=\u00a0\u00bbrepeat\u00a0\u00bb global_colors_info=\u00a0\u00bb{}\u00a0\u00bb]Avec notre g\u00e9n\u00e9rateur d&rsquo;exercices p\u00e9dagogiques en ligne, vous pouvez cr\u00e9er des exercices personnalis\u00e9s de niveau CE2. Ces exercices sont imprimables et gratuits, ce qui en fait un outil id\u00e9al pour les enseignants, les parents ou les \u00e9l\u00e8ves eux-m\u00eames. Que ce soit pour r\u00e9viser les math\u00e9matiques, la grammaire, la lecture ou d&rsquo;autres mati\u00e8res, notre g\u00e9n\u00e9rateur d&rsquo;exercices vous permet de cr\u00e9er des activit\u00e9s adapt\u00e9es au niveau CE2. Essayez-le d\u00e8s aujourd&rsquo;hui et profitez de ses avantages pour l&rsquo;apprentissage de vos enfants ou de vos \u00e9l\u00e8ves.[\/et_pb_text][et_pb_code _builder_version=\u00a0\u00bb4.22.2&Prime; _module_preset=\u00a0\u00bbdefault\u00a0\u00bb global_colors_info=\u00a0\u00bb{}\u00a0\u00bb]<script type=\"text\/javascript\"><!-- [et_pb_line_break_holder] -->    document.addEventListener('DOMContentLoaded', function() {<!-- [et_pb_line_break_holder] -->        var selectElement2 = document.getElementById('wpaicg-form-field-1');<!-- [et_pb_line_break_holder] -->      if (selectElement2) {<!-- [et_pb_line_break_holder] -->            selectElement2.value = 'CE2';<!-- [et_pb_line_break_holder] -->        }<!-- [et_pb_line_break_holder] -->    });<!-- [et_pb_line_break_holder] --><\/script> [\/et_pb_code][\/et_pb_column][\/et_pb_row][\/et_pb_section]<\/p>\n","protected":false},"excerpt":{"rendered":"<p>Avec notre g\u00e9n\u00e9rateur d&rsquo;exercices p\u00e9dagogiques en ligne, vous pouvez cr\u00e9er des exercices personnalis\u00e9s de niveau CE2. Ces exercices sont imprimables et gratuits, ce qui en fait un outil id\u00e9al pour les enseignants, les parents ou les \u00e9l\u00e8ves eux-m\u00eames. Que ce soit pour r\u00e9viser les math\u00e9matiques, la grammaire, la lecture ou d&rsquo;autres mati\u00e8res, notre g\u00e9n\u00e9rateur d&rsquo;exercices [&hellip;]<\/p>\n","protected":false},"author":5,"featured_media":0,"parent":40,"menu_order":0,"comment_status":"closed","ping_status":"closed","template":"","meta":{"_seopress_robots_primary_cat":"","_seopress_titles_title":"G\u00e9n\u00e9rateur d&#039;exercices en ligne pour CE2 imprimables","_seopress_titles_desc":"\ud83c\udf93Cr\u00e9ez des exercices de niveau CE2 personnalis\u00e9s, imprimables et gratuits. Essayez-le aujourd&#039;hui!\u2705\t","_seopress_robots_index":"","_et_pb_use_builder":"on","_et_pb_old_content":"Avec notre g\u00e9n\u00e9rateur d'exercices p\u00e9dagogiques en ligne, vous pouvez cr\u00e9er des exercices personnalis\u00e9s de niveau CE2. Ces exercices sont imprimables et gratuits, ce qui en fait un outil id\u00e9al pour les enseignants, les parents ou les \u00e9l\u00e8ves eux-m\u00eames. Que ce soit pour r\u00e9viser les math\u00e9matiques, la grammaire, la lecture ou d'autres mati\u00e8res, notre g\u00e9n\u00e9rateur d'exercices vous permet de cr\u00e9er des activit\u00e9s adapt\u00e9es au niveau CE2. Essayez-le d\u00e8s aujourd'hui et profitez de ses avantages pour l'apprentissage de vos enfants ou de vos \u00e9l\u00e8ves.\r\n\r\n[button link=\"https:\/\/exos.education\/fr\/creez-vos-propres-exercices-educatifs-imprimable-avec-notre-generateur\/\"] \ud83c\udf93Cr\u00e9ez des exercices de niveau CE2 personnalis\u00e9s, imprimables et gratuits. Essayez-le aujourd'hui!\u2705[\/button]","_et_gb_content_width":"","footnotes":""},"class_list":["post-101","page","type-page","status-publish","hentry"],"_links":{"self":[{"href":"https:\/\/exos.education\/fr\/wp-json\/wp\/v2\/pages\/101","targetHints":{"allow":["GET"]}}],"collection":[{"href":"https:\/\/exos.education\/fr\/wp-json\/wp\/v2\/pages"}],"about":[{"href":"https:\/\/exos.education\/fr\/wp-json\/wp\/v2\/types\/page"}],"author":[{"embeddable":true,"href":"https:\/\/exos.education\/fr\/wp-json\/wp\/v2\/users\/5"}],"replies":[{"embeddable":true,"href":"https:\/\/exos.education\/fr\/wp-json\/wp\/v2\/comments?post=101"}],"version-history":[{"count":5,"href":"https:\/\/exos.education\/fr\/wp-json\/wp\/v2\/pages\/101\/revisions"}],"predecessor-version":[{"id":9447,"href":"https:\/\/exos.education\/fr\/wp-json\/wp\/v2\/pages\/101\/revisions\/9447"}],"up":[{"embeddable":true,"href":"https:\/\/exos.education\/fr\/wp-json\/wp\/v2\/pages\/40"}],"wp:attachment":[{"href":"https:\/\/exos.education\/fr\/wp-json\/wp\/v2\/media?parent=101"}],"curies":[{"name":"wp","href":"https:\/\/api.w.org\/{rel}","templated":true}]}}