{"id":105,"date":"2023-08-04T15:48:24","date_gmt":"2023-08-04T15:48:24","guid":{"rendered":"https:\/\/exos.education\/fr\/?page_id=105"},"modified":"2023-09-28T14:32:31","modified_gmt":"2023-09-28T13:32:31","slug":"cm1","status":"publish","type":"page","link":"https:\/\/exos.education\/fr\/generateur-dexercices-pedagogiques-en-ligne-et-gratuits\/cm1\/","title":{"rendered":"Cr\u00e9ez Vos Propres Exercices \u00c9ducatifs pour \u00e9l\u00e8ves de CM1"},"content":{"rendered":"<p>[et_pb_section fb_built=\u00a0\u00bb1&Prime; _builder_version=\u00a0\u00bb4.16&Prime; global_colors_info=\u00a0\u00bb{}\u00a0\u00bb][et_pb_row _builder_version=\u00a0\u00bb4.16&Prime; background_size=\u00a0\u00bbinitial\u00a0\u00bb background_position=\u00a0\u00bbtop_left\u00a0\u00bb background_repeat=\u00a0\u00bbrepeat\u00a0\u00bb global_colors_info=\u00a0\u00bb{}\u00a0\u00bb][et_pb_column type=\u00a0\u00bb4_4&Prime; _builder_version=\u00a0\u00bb4.16&Prime; custom_padding=\u00a0\u00bb|||\u00a0\u00bb global_colors_info=\u00a0\u00bb{}\u00a0\u00bb custom_padding__hover=\u00a0\u00bb|||\u00a0\u00bb][et_pb_text _builder_version=\u00a0\u00bb4.21.0&Prime; background_size=\u00a0\u00bbinitial\u00a0\u00bb background_position=\u00a0\u00bbtop_left\u00a0\u00bb background_repeat=\u00a0\u00bbrepeat\u00a0\u00bb global_colors_info=\u00a0\u00bb{}\u00a0\u00bb]Le g\u00e9n\u00e9rateur d&rsquo;exercices p\u00e9dagogiques en ligne de niveau CM1 vous permet de cr\u00e9er des exercices personnalis\u00e9s, imprimables et gratuits. Que ce soit pour la pratique des math\u00e9matiques, de la grammaire, de la conjugaison ou de la lecture, ce g\u00e9n\u00e9rateur vous offre la possibilit\u00e9 de g\u00e9n\u00e9rer des exercices adapt\u00e9s au niveau de vos \u00e9l\u00e8ves. Vous pouvez choisir parmi une vari\u00e9t\u00e9 de th\u00e8mes et de comp\u00e9tences \u00e0 travailler, et le g\u00e9n\u00e9rateur vous fournira des exercices pr\u00eats \u00e0 \u00eatre imprim\u00e9s. Ne perdez plus de temps \u00e0 chercher des exercices, commencez d\u00e8s maintenant \u00e0 utiliser ce g\u00e9n\u00e9rateur pratique et efficace pour enrichir vos s\u00e9ances d&rsquo;apprentissage en classe.[\/et_pb_text][et_pb_code _builder_version=\u00a0\u00bb4.22.2&Prime; _module_preset=\u00a0\u00bbdefault\u00a0\u00bb global_colors_info=\u00a0\u00bb{}\u00a0\u00bb]<script type=\"text\/javascript\"><!-- [et_pb_line_break_holder] -->    document.addEventListener('DOMContentLoaded', function() {<!-- [et_pb_line_break_holder] -->        var selectElement2 = document.getElementById('wpaicg-form-field-1');<!-- [et_pb_line_break_holder] -->      if (selectElement2) {<!-- [et_pb_line_break_holder] -->            selectElement2.value = 'CM1';<!-- [et_pb_line_break_holder] -->        }<!-- [et_pb_line_break_holder] -->    });<!-- [et_pb_line_break_holder] --><\/script> [\/et_pb_code][\/et_pb_column][\/et_pb_row][\/et_pb_section]<\/p>\n","protected":false},"excerpt":{"rendered":"<p>Le g\u00e9n\u00e9rateur d&rsquo;exercices p\u00e9dagogiques en ligne de niveau CM1 vous permet de cr\u00e9er des exercices personnalis\u00e9s, imprimables et gratuits. Que ce soit pour la pratique des math\u00e9matiques, de la grammaire, de la conjugaison ou de la lecture, ce g\u00e9n\u00e9rateur vous offre la possibilit\u00e9 de g\u00e9n\u00e9rer des exercices adapt\u00e9s au niveau de vos \u00e9l\u00e8ves. Vous pouvez [&hellip;]<\/p>\n","protected":false},"author":5,"featured_media":0,"parent":40,"menu_order":0,"comment_status":"closed","ping_status":"closed","template":"","meta":{"_seopress_robots_primary_cat":"","_seopress_titles_title":"G\u00e9n\u00e9rateur d&#039;exercices en ligne pour CM1 imprimables","_seopress_titles_desc":"\ud83d\udcd8G\u00e9n\u00e9rez des exercices de niveau CM1 sur mesure, imprimables et gratuits. Commencez maintenant!\ud83d\udd8d\ufe0f\t","_seopress_robots_index":"","_et_pb_use_builder":"on","_et_pb_old_content":"Le g\u00e9n\u00e9rateur d'exercices p\u00e9dagogiques en ligne de niveau CM1 vous permet de cr\u00e9er des exercices personnalis\u00e9s, imprimables et gratuits. Que ce soit pour la pratique des math\u00e9matiques, de la grammaire, de la conjugaison ou de la lecture, ce g\u00e9n\u00e9rateur vous offre la possibilit\u00e9 de g\u00e9n\u00e9rer des exercices adapt\u00e9s au niveau de vos \u00e9l\u00e8ves. Vous pouvez choisir parmi une vari\u00e9t\u00e9 de th\u00e8mes et de comp\u00e9tences \u00e0 travailler, et le g\u00e9n\u00e9rateur vous fournira des exercices pr\u00eats \u00e0 \u00eatre imprim\u00e9s. Ne perdez plus de temps \u00e0 chercher des exercices, commencez d\u00e8s maintenant \u00e0 utiliser ce g\u00e9n\u00e9rateur pratique et efficace pour enrichir vos s\u00e9ances d'apprentissage en classe.\r\n\r\n[button link=\"https:\/\/exos.education\/fr\/creez-vos-propres-exercices-educatifs-imprimable-avec-notre-generateur\/\"] \ud83d\udcd8G\u00e9n\u00e9rez des exercices de niveau CM1 sur mesure, imprimables et gratuits. Commencez maintenant!\ud83d\udd8d\ufe0f[\/button]","_et_gb_content_width":"","footnotes":""},"class_list":["post-105","page","type-page","status-publish","hentry"],"_links":{"self":[{"href":"https:\/\/exos.education\/fr\/wp-json\/wp\/v2\/pages\/105","targetHints":{"allow":["GET"]}}],"collection":[{"href":"https:\/\/exos.education\/fr\/wp-json\/wp\/v2\/pages"}],"about":[{"href":"https:\/\/exos.education\/fr\/wp-json\/wp\/v2\/types\/page"}],"author":[{"embeddable":true,"href":"https:\/\/exos.education\/fr\/wp-json\/wp\/v2\/users\/5"}],"replies":[{"embeddable":true,"href":"https:\/\/exos.education\/fr\/wp-json\/wp\/v2\/comments?post=105"}],"version-history":[{"count":5,"href":"https:\/\/exos.education\/fr\/wp-json\/wp\/v2\/pages\/105\/revisions"}],"predecessor-version":[{"id":9443,"href":"https:\/\/exos.education\/fr\/wp-json\/wp\/v2\/pages\/105\/revisions\/9443"}],"up":[{"embeddable":true,"href":"https:\/\/exos.education\/fr\/wp-json\/wp\/v2\/pages\/40"}],"wp:attachment":[{"href":"https:\/\/exos.education\/fr\/wp-json\/wp\/v2\/media?parent=105"}],"curies":[{"name":"wp","href":"https:\/\/api.w.org\/{rel}","templated":true}]}}