{"id":109,"date":"2023-08-04T15:49:05","date_gmt":"2023-08-04T15:49:05","guid":{"rendered":"https:\/\/exos.education\/fr\/?page_id=109"},"modified":"2023-09-28T14:32:31","modified_gmt":"2023-09-28T13:32:31","slug":"cm2","status":"publish","type":"page","link":"https:\/\/exos.education\/fr\/generateur-dexercices-pedagogiques-en-ligne-et-gratuits\/cm2\/","title":{"rendered":"Cr\u00e9ez Vos Propres Exercices \u00c9ducatifs pour \u00e9l\u00e8ves de CM2"},"content":{"rendered":"<p>[et_pb_section fb_built=\u00a0\u00bb1&Prime; _builder_version=\u00a0\u00bb4.16&Prime; global_colors_info=\u00a0\u00bb{}\u00a0\u00bb][et_pb_row _builder_version=\u00a0\u00bb4.16&Prime; background_size=\u00a0\u00bbinitial\u00a0\u00bb background_position=\u00a0\u00bbtop_left\u00a0\u00bb background_repeat=\u00a0\u00bbrepeat\u00a0\u00bb global_colors_info=\u00a0\u00bb{}\u00a0\u00bb][et_pb_column type=\u00a0\u00bb4_4&Prime; _builder_version=\u00a0\u00bb4.16&Prime; custom_padding=\u00a0\u00bb|||\u00a0\u00bb global_colors_info=\u00a0\u00bb{}\u00a0\u00bb custom_padding__hover=\u00a0\u00bb|||\u00a0\u00bb][et_pb_text _builder_version=\u00a0\u00bb4.21.0&Prime; background_size=\u00a0\u00bbinitial\u00a0\u00bb background_position=\u00a0\u00bbtop_left\u00a0\u00bb background_repeat=\u00a0\u00bbrepeat\u00a0\u00bb global_colors_info=\u00a0\u00bb{}\u00a0\u00bb]Avec le g\u00e9n\u00e9rateur d&rsquo;exercices p\u00e9dagogiques en ligne niveau CM2, vous pouvez cr\u00e9er facilement des exercices sur mesure pour vos \u00e9l\u00e8ves. Ces exercices sont adapt\u00e9s au niveau CM2 et peuvent \u00eatre imprim\u00e9s gratuitement. Que ce soit pour pratiquer les math\u00e9matiques, la grammaire, la conjugaison ou la g\u00e9ographie, ce g\u00e9n\u00e9rateur vous permet de cr\u00e9er des exercices personnalis\u00e9s en quelques clics. Ne perdez plus de temps \u00e0 chercher des ressources, lancez-vous d\u00e8s maintenant et offrez \u00e0 vos \u00e9l\u00e8ves des exercices adapt\u00e9s \u00e0 leurs besoins.[\/et_pb_text][et_pb_code _builder_version=\u00a0\u00bb4.22.2&Prime; _module_preset=\u00a0\u00bbdefault\u00a0\u00bb global_colors_info=\u00a0\u00bb{}\u00a0\u00bb]<script type=\"text\/javascript\"><!-- [et_pb_line_break_holder] -->    document.addEventListener('DOMContentLoaded', function() {<!-- [et_pb_line_break_holder] -->        var selectElement2 = document.getElementById('wpaicg-form-field-1');<!-- [et_pb_line_break_holder] -->      if (selectElement2) {<!-- [et_pb_line_break_holder] -->            selectElement2.value = 'CM2';<!-- [et_pb_line_break_holder] -->        }<!-- [et_pb_line_break_holder] -->    });<!-- [et_pb_line_break_holder] --><\/script> [\/et_pb_code][\/et_pb_column][\/et_pb_row][\/et_pb_section]<\/p>\n","protected":false},"excerpt":{"rendered":"<p>Avec le g\u00e9n\u00e9rateur d&rsquo;exercices p\u00e9dagogiques en ligne niveau CM2, vous pouvez cr\u00e9er facilement des exercices sur mesure pour vos \u00e9l\u00e8ves. Ces exercices sont adapt\u00e9s au niveau CM2 et peuvent \u00eatre imprim\u00e9s gratuitement. Que ce soit pour pratiquer les math\u00e9matiques, la grammaire, la conjugaison ou la g\u00e9ographie, ce g\u00e9n\u00e9rateur vous permet de cr\u00e9er des exercices personnalis\u00e9s [&hellip;]<\/p>\n","protected":false},"author":5,"featured_media":0,"parent":40,"menu_order":0,"comment_status":"closed","ping_status":"closed","template":"","meta":{"_seopress_robots_primary_cat":"","_seopress_titles_title":"G\u00e9n\u00e9rateur d&#039;exercices en ligne pour CM2 imprimables","_seopress_titles_desc":"\ud83d\udcd5Cr\u00e9ez des exercices de niveau CM2 personnalis\u00e9s, imprimables et gratuits. Lancez-vous maintenant!\u2714\ufe0f\t","_seopress_robots_index":"","_et_pb_use_builder":"on","_et_pb_old_content":"Avec le g\u00e9n\u00e9rateur d'exercices p\u00e9dagogiques en ligne niveau CM2, vous pouvez cr\u00e9er facilement des exercices sur mesure pour vos \u00e9l\u00e8ves. Ces exercices sont adapt\u00e9s au niveau CM2 et peuvent \u00eatre imprim\u00e9s gratuitement. Que ce soit pour pratiquer les math\u00e9matiques, la grammaire, la conjugaison ou la g\u00e9ographie, ce g\u00e9n\u00e9rateur vous permet de cr\u00e9er des exercices personnalis\u00e9s en quelques clics. Ne perdez plus de temps \u00e0 chercher des ressources, lancez-vous d\u00e8s maintenant et offrez \u00e0 vos \u00e9l\u00e8ves des exercices adapt\u00e9s \u00e0 leurs besoins.\r\n\r\n[button link=\"https:\/\/exos.education\/fr\/creez-vos-propres-exercices-educatifs-imprimable-avec-notre-generateur\/\"] \ud83d\udcd5Cr\u00e9ez des exercices de niveau CM2 personnalis\u00e9s, imprimables et gratuits. Lancez-vous maintenant!\u2714\ufe0f[\/button]","_et_gb_content_width":"","footnotes":""},"class_list":["post-109","page","type-page","status-publish","hentry"],"_links":{"self":[{"href":"https:\/\/exos.education\/fr\/wp-json\/wp\/v2\/pages\/109","targetHints":{"allow":["GET"]}}],"collection":[{"href":"https:\/\/exos.education\/fr\/wp-json\/wp\/v2\/pages"}],"about":[{"href":"https:\/\/exos.education\/fr\/wp-json\/wp\/v2\/types\/page"}],"author":[{"embeddable":true,"href":"https:\/\/exos.education\/fr\/wp-json\/wp\/v2\/users\/5"}],"replies":[{"embeddable":true,"href":"https:\/\/exos.education\/fr\/wp-json\/wp\/v2\/comments?post=109"}],"version-history":[{"count":5,"href":"https:\/\/exos.education\/fr\/wp-json\/wp\/v2\/pages\/109\/revisions"}],"predecessor-version":[{"id":9445,"href":"https:\/\/exos.education\/fr\/wp-json\/wp\/v2\/pages\/109\/revisions\/9445"}],"up":[{"embeddable":true,"href":"https:\/\/exos.education\/fr\/wp-json\/wp\/v2\/pages\/40"}],"wp:attachment":[{"href":"https:\/\/exos.education\/fr\/wp-json\/wp\/v2\/media?parent=109"}],"curies":[{"name":"wp","href":"https:\/\/api.w.org\/{rel}","templated":true}]}}