{"id":121,"date":"2023-08-04T15:51:44","date_gmt":"2023-08-04T15:51:44","guid":{"rendered":"https:\/\/exos.education\/fr\/?page_id=121"},"modified":"2023-09-28T14:33:02","modified_gmt":"2023-09-28T13:33:02","slug":"4eme","status":"publish","type":"page","link":"https:\/\/exos.education\/fr\/generateur-dexercices-pedagogiques-en-ligne-et-gratuits\/4eme\/","title":{"rendered":"Cr\u00e9ez Vos Propres Exercices \u00c9ducatifs pour \u00e9l\u00e8ves de 4\u00e8me"},"content":{"rendered":"<p>[et_pb_section fb_built=\u00a0\u00bb1&Prime; _builder_version=\u00a0\u00bb4.16&Prime; global_colors_info=\u00a0\u00bb{}\u00a0\u00bb][et_pb_row _builder_version=\u00a0\u00bb4.16&Prime; background_size=\u00a0\u00bbinitial\u00a0\u00bb background_position=\u00a0\u00bbtop_left\u00a0\u00bb background_repeat=\u00a0\u00bbrepeat\u00a0\u00bb global_colors_info=\u00a0\u00bb{}\u00a0\u00bb][et_pb_column type=\u00a0\u00bb4_4&Prime; _builder_version=\u00a0\u00bb4.16&Prime; custom_padding=\u00a0\u00bb|||\u00a0\u00bb global_colors_info=\u00a0\u00bb{}\u00a0\u00bb custom_padding__hover=\u00a0\u00bb|||\u00a0\u00bb][et_pb_text _builder_version=\u00a0\u00bb4.21.0&Prime; background_size=\u00a0\u00bbinitial\u00a0\u00bb background_position=\u00a0\u00bbtop_left\u00a0\u00bb background_repeat=\u00a0\u00bbrepeat\u00a0\u00bb global_colors_info=\u00a0\u00bb{}\u00a0\u00bb]Le g\u00e9n\u00e9rateur d&rsquo;exercices p\u00e9dagogiques en ligne Niveau 4\u00e8me imprimables est un outil pratique pour les enseignants et les \u00e9l\u00e8ves. Il permet de cr\u00e9er des exercices personnalis\u00e9s adapt\u00e9s au niveau de la 4\u00e8me, qui peuvent \u00eatre imprim\u00e9s et utilis\u00e9s en classe. Cet outil offre une grande flexibilit\u00e9, car il permet de choisir le type d&rsquo;exercice (questions \u00e0 choix multiples, exercices \u00e0 trous, etc.), ainsi que le th\u00e8me et la difficult\u00e9. De plus, il est enti\u00e8rement gratuit, ce qui en fait un outil id\u00e9al pour les enseignants qui souhaitent diversifier leurs ressources p\u00e9dagogiques. Alors n&rsquo;h\u00e9sitez pas \u00e0 l&rsquo;essayer d\u00e8s maintenant et \u00e0 profiter de ses nombreux avantages[\/et_pb_text][et_pb_code _builder_version=\u00a0\u00bb4.22.2&Prime; _module_preset=\u00a0\u00bbdefault\u00a0\u00bb global_colors_info=\u00a0\u00bb{}\u00a0\u00bb]<script type=\"text\/javascript\"><!-- [et_pb_line_break_holder] -->    document.addEventListener('DOMContentLoaded', function() {<!-- [et_pb_line_break_holder] -->        var selectElement2 = document.getElementById('wpaicg-form-field-1');<!-- [et_pb_line_break_holder] -->      if (selectElement2) {<!-- [et_pb_line_break_holder] -->            selectElement2.value = '4\u00e8me';<!-- [et_pb_line_break_holder] -->        }<!-- [et_pb_line_break_holder] -->    });<!-- [et_pb_line_break_holder] --><\/script> [\/et_pb_code][\/et_pb_column][\/et_pb_row][\/et_pb_section]<\/p>\n","protected":false},"excerpt":{"rendered":"<p>Le g\u00e9n\u00e9rateur d&rsquo;exercices p\u00e9dagogiques en ligne Niveau 4\u00e8me imprimables est un outil pratique pour les enseignants et les \u00e9l\u00e8ves. Il permet de cr\u00e9er des exercices personnalis\u00e9s adapt\u00e9s au niveau de la 4\u00e8me, qui peuvent \u00eatre imprim\u00e9s et utilis\u00e9s en classe. Cet outil offre une grande flexibilit\u00e9, car il permet de choisir le type d&rsquo;exercice (questions [&hellip;]<\/p>\n","protected":false},"author":5,"featured_media":0,"parent":40,"menu_order":0,"comment_status":"closed","ping_status":"closed","template":"","meta":{"_seopress_robots_primary_cat":"","_seopress_titles_title":"G\u00e9n\u00e9rateur d&#039;exercices en ligne 4\u00e8me imprimables\t","_seopress_titles_desc":"\ud83d\udd8a\ufe0fG\u00e9n\u00e9rez des exercices de niveau 4\u00e8me sur mesure, imprimables et gratuits. Essayez-le maintenant!\ud83c\udf89\t","_seopress_robots_index":"","_et_pb_use_builder":"on","_et_pb_old_content":"Le g\u00e9n\u00e9rateur d'exercices p\u00e9dagogiques en ligne Niveau 4\u00e8me imprimables est un outil pratique pour les enseignants et les \u00e9l\u00e8ves. Il permet de cr\u00e9er des exercices personnalis\u00e9s adapt\u00e9s au niveau de la 4\u00e8me, qui peuvent \u00eatre imprim\u00e9s et utilis\u00e9s en classe. Cet outil offre une grande flexibilit\u00e9, car il permet de choisir le type d'exercice (questions \u00e0 choix multiples, exercices \u00e0 trous, etc.), ainsi que le th\u00e8me et la difficult\u00e9. De plus, il est enti\u00e8rement gratuit, ce qui en fait un outil id\u00e9al pour les enseignants qui souhaitent diversifier leurs ressources p\u00e9dagogiques. Alors n'h\u00e9sitez pas \u00e0 l'essayer d\u00e8s maintenant et \u00e0 profiter de ses nombreux avantages.\r\n\r\n[button link=\"https:\/\/exos.education\/fr\/creez-vos-propres-exercices-educatifs-imprimable-avec-notre-generateur\/\"] \ud83d\udd8a\ufe0fG\u00e9n\u00e9rez des exercices de niveau 4\u00e8me sur mesure, imprimables et gratuits. Essayez-le maintenant!\ud83c\udf89[\/button]","_et_gb_content_width":"","footnotes":""},"class_list":["post-121","page","type-page","status-publish","hentry"],"_links":{"self":[{"href":"https:\/\/exos.education\/fr\/wp-json\/wp\/v2\/pages\/121","targetHints":{"allow":["GET"]}}],"collection":[{"href":"https:\/\/exos.education\/fr\/wp-json\/wp\/v2\/pages"}],"about":[{"href":"https:\/\/exos.education\/fr\/wp-json\/wp\/v2\/types\/page"}],"author":[{"embeddable":true,"href":"https:\/\/exos.education\/fr\/wp-json\/wp\/v2\/users\/5"}],"replies":[{"embeddable":true,"href":"https:\/\/exos.education\/fr\/wp-json\/wp\/v2\/comments?post=121"}],"version-history":[{"count":5,"href":"https:\/\/exos.education\/fr\/wp-json\/wp\/v2\/pages\/121\/revisions"}],"predecessor-version":[{"id":9454,"href":"https:\/\/exos.education\/fr\/wp-json\/wp\/v2\/pages\/121\/revisions\/9454"}],"up":[{"embeddable":true,"href":"https:\/\/exos.education\/fr\/wp-json\/wp\/v2\/pages\/40"}],"wp:attachment":[{"href":"https:\/\/exos.education\/fr\/wp-json\/wp\/v2\/media?parent=121"}],"curies":[{"name":"wp","href":"https:\/\/api.w.org\/{rel}","templated":true}]}}