{"id":125,"date":"2023-08-04T15:52:18","date_gmt":"2023-08-04T15:52:18","guid":{"rendered":"https:\/\/exos.education\/fr\/?page_id=125"},"modified":"2023-09-28T14:33:12","modified_gmt":"2023-09-28T13:33:12","slug":"3eme","status":"publish","type":"page","link":"https:\/\/exos.education\/fr\/generateur-dexercices-pedagogiques-en-ligne-et-gratuits\/3eme\/","title":{"rendered":"Cr\u00e9ez Vos Propres Exercices \u00c9ducatifs pour \u00e9l\u00e8ves de 3\u00e8me"},"content":{"rendered":"<p>[et_pb_section fb_built=\u00a0\u00bb1&Prime; _builder_version=\u00a0\u00bb4.16&Prime; global_colors_info=\u00a0\u00bb{}\u00a0\u00bb][et_pb_row _builder_version=\u00a0\u00bb4.16&Prime; background_size=\u00a0\u00bbinitial\u00a0\u00bb background_position=\u00a0\u00bbtop_left\u00a0\u00bb background_repeat=\u00a0\u00bbrepeat\u00a0\u00bb global_colors_info=\u00a0\u00bb{}\u00a0\u00bb][et_pb_column type=\u00a0\u00bb4_4&Prime; _builder_version=\u00a0\u00bb4.16&Prime; custom_padding=\u00a0\u00bb|||\u00a0\u00bb global_colors_info=\u00a0\u00bb{}\u00a0\u00bb custom_padding__hover=\u00a0\u00bb|||\u00a0\u00bb][et_pb_text _builder_version=\u00a0\u00bb4.21.0&Prime; background_size=\u00a0\u00bbinitial\u00a0\u00bb background_position=\u00a0\u00bbtop_left\u00a0\u00bb background_repeat=\u00a0\u00bbrepeat\u00a0\u00bb global_colors_info=\u00a0\u00bb{}\u00a0\u00bb]Le g\u00e9n\u00e9rateur d&rsquo;exercices p\u00e9dagogiques en ligne de niveau 3\u00e8me offre une solution pratique pour les enseignants et les parents souhaitant cr\u00e9er des exercices sur mesure pour les \u00e9l\u00e8ves de troisi\u00e8me. Gr\u00e2ce \u00e0 cet outil gratuit, vous pouvez concevoir des exercices adapt\u00e9s aux besoins sp\u00e9cifiques de chaque \u00e9l\u00e8ve et les imprimer facilement. Que ce soit pour r\u00e9viser les math\u00e9matiques, la grammaire, les sciences ou d&rsquo;autres mati\u00e8res, ce g\u00e9n\u00e9rateur vous permet de cr\u00e9er des exercices vari\u00e9s et pertinents. Ne perdez plus de temps \u00e0 chercher des ressources p\u00e9dagogiques, lancez-vous d\u00e8s maintenant et facilitez l&rsquo;apprentissage de vos \u00e9l\u00e8ves avec des exercices personnalis\u00e9s et gratuits.[\/et_pb_text][et_pb_code _builder_version=\u00a0\u00bb4.22.2&Prime; _module_preset=\u00a0\u00bbdefault\u00a0\u00bb global_colors_info=\u00a0\u00bb{}\u00a0\u00bb]<script type=\"text\/javascript\"><!-- [et_pb_line_break_holder] -->    document.addEventListener('DOMContentLoaded', function() {<!-- [et_pb_line_break_holder] -->        var selectElement2 = document.getElementById('wpaicg-form-field-1');<!-- [et_pb_line_break_holder] -->      if (selectElement2) {<!-- [et_pb_line_break_holder] -->            selectElement2.value = '3\u00e8me';<!-- [et_pb_line_break_holder] -->        }<!-- [et_pb_line_break_holder] -->    });<!-- [et_pb_line_break_holder] --><\/script> [\/et_pb_code][\/et_pb_column][\/et_pb_row][\/et_pb_section]<\/p>\n","protected":false},"excerpt":{"rendered":"<p>Le g\u00e9n\u00e9rateur d&rsquo;exercices p\u00e9dagogiques en ligne de niveau 3\u00e8me offre une solution pratique pour les enseignants et les parents souhaitant cr\u00e9er des exercices sur mesure pour les \u00e9l\u00e8ves de troisi\u00e8me. Gr\u00e2ce \u00e0 cet outil gratuit, vous pouvez concevoir des exercices adapt\u00e9s aux besoins sp\u00e9cifiques de chaque \u00e9l\u00e8ve et les imprimer facilement. Que ce soit pour [&hellip;]<\/p>\n","protected":false},"author":5,"featured_media":0,"parent":40,"menu_order":0,"comment_status":"closed","ping_status":"closed","template":"","meta":{"_seopress_robots_primary_cat":"","_seopress_titles_title":"G\u00e9n\u00e9rateur d&#039;exercices en ligne pour 3\u00e8me imprimables","_seopress_titles_desc":"\u270f\ufe0fCr\u00e9ez des exercices de niveau 3\u00e8me personnalis\u00e9s, imprimables et gratuits. Lancez-vous maintenant!\ud83d\udca1\t","_seopress_robots_index":"","_et_pb_use_builder":"on","_et_pb_old_content":"Le g\u00e9n\u00e9rateur d'exercices p\u00e9dagogiques en ligne de niveau 3\u00e8me offre une solution pratique pour les enseignants et les parents souhaitant cr\u00e9er des exercices sur mesure pour les \u00e9l\u00e8ves de troisi\u00e8me. Gr\u00e2ce \u00e0 cet outil gratuit, vous pouvez concevoir des exercices adapt\u00e9s aux besoins sp\u00e9cifiques de chaque \u00e9l\u00e8ve et les imprimer facilement. Que ce soit pour r\u00e9viser les math\u00e9matiques, la grammaire, les sciences ou d'autres mati\u00e8res, ce g\u00e9n\u00e9rateur vous permet de cr\u00e9er des exercices vari\u00e9s et pertinents. Ne perdez plus de temps \u00e0 chercher des ressources p\u00e9dagogiques, lancez-vous d\u00e8s maintenant et facilitez l'apprentissage de vos \u00e9l\u00e8ves avec des exercices personnalis\u00e9s et gratuits.\r\n\r\n[button link=\"https:\/\/exos.education\/fr\/creez-vos-propres-exercices-educatifs-imprimable-avec-notre-generateur\/\"] \u270f\ufe0fCr\u00e9ez des exercices de niveau 3\u00e8me personnalis\u00e9s, imprimables et gratuits. Lancez-vous maintenant!\ud83d\udca1[\/button]","_et_gb_content_width":"","footnotes":""},"class_list":["post-125","page","type-page","status-publish","hentry"],"_links":{"self":[{"href":"https:\/\/exos.education\/fr\/wp-json\/wp\/v2\/pages\/125","targetHints":{"allow":["GET"]}}],"collection":[{"href":"https:\/\/exos.education\/fr\/wp-json\/wp\/v2\/pages"}],"about":[{"href":"https:\/\/exos.education\/fr\/wp-json\/wp\/v2\/types\/page"}],"author":[{"embeddable":true,"href":"https:\/\/exos.education\/fr\/wp-json\/wp\/v2\/users\/5"}],"replies":[{"embeddable":true,"href":"https:\/\/exos.education\/fr\/wp-json\/wp\/v2\/comments?post=125"}],"version-history":[{"count":5,"href":"https:\/\/exos.education\/fr\/wp-json\/wp\/v2\/pages\/125\/revisions"}],"predecessor-version":[{"id":9457,"href":"https:\/\/exos.education\/fr\/wp-json\/wp\/v2\/pages\/125\/revisions\/9457"}],"up":[{"embeddable":true,"href":"https:\/\/exos.education\/fr\/wp-json\/wp\/v2\/pages\/40"}],"wp:attachment":[{"href":"https:\/\/exos.education\/fr\/wp-json\/wp\/v2\/media?parent=125"}],"curies":[{"name":"wp","href":"https:\/\/api.w.org\/{rel}","templated":true}]}}