{"id":129,"date":"2023-08-04T15:53:27","date_gmt":"2023-08-04T15:53:27","guid":{"rendered":"https:\/\/exos.education\/fr\/?page_id=129"},"modified":"2023-09-28T14:32:09","modified_gmt":"2023-09-28T13:32:09","slug":"2nde","status":"publish","type":"page","link":"https:\/\/exos.education\/fr\/generateur-dexercices-pedagogiques-en-ligne-et-gratuits\/2nde\/","title":{"rendered":"Cr\u00e9ez Vos Propres Exercices \u00c9ducatifs pour \u00e9l\u00e8ves de Seconde"},"content":{"rendered":"<p>[et_pb_section fb_built=\u00a0\u00bb1&Prime; _builder_version=\u00a0\u00bb4.16&Prime; global_colors_info=\u00a0\u00bb{}\u00a0\u00bb][et_pb_row _builder_version=\u00a0\u00bb4.16&Prime; background_size=\u00a0\u00bbinitial\u00a0\u00bb background_position=\u00a0\u00bbtop_left\u00a0\u00bb background_repeat=\u00a0\u00bbrepeat\u00a0\u00bb global_colors_info=\u00a0\u00bb{}\u00a0\u00bb][et_pb_column type=\u00a0\u00bb4_4&Prime; _builder_version=\u00a0\u00bb4.16&Prime; custom_padding=\u00a0\u00bb|||\u00a0\u00bb global_colors_info=\u00a0\u00bb{}\u00a0\u00bb custom_padding__hover=\u00a0\u00bb|||\u00a0\u00bb][et_pb_text _builder_version=\u00a0\u00bb4.21.0&Prime; background_size=\u00a0\u00bbinitial\u00a0\u00bb background_position=\u00a0\u00bbtop_left\u00a0\u00bb background_repeat=\u00a0\u00bbrepeat\u00a0\u00bb global_colors_info=\u00a0\u00bb{}\u00a0\u00bb]Le g\u00e9n\u00e9rateur d&rsquo;exercices p\u00e9dagogiques en ligne de niveau 2nde est un outil pratique qui permet de cr\u00e9er des exercices personnalis\u00e9s, adapt\u00e9s au niveau des \u00e9l\u00e8ves de seconde. Ces exercices sont imprimables et gratuits, ce qui les rend facilement accessibles pour les enseignants et les \u00e9l\u00e8ves. Gr\u00e2ce \u00e0 cet outil, les enseignants peuvent g\u00e9n\u00e9rer des exercices sur diverses mati\u00e8res telles que les math\u00e9matiques, la physique, la chimie, l&rsquo;histoire, la g\u00e9ographie, etc. Les exercices sont con\u00e7us de mani\u00e8re \u00e0 couvrir les diff\u00e9rents aspects du programme scolaire et \u00e0 aider les \u00e9l\u00e8ves \u00e0 consolider leurs connaissances. Les \u00e9l\u00e8ves peuvent \u00e9galement profiter de cet outil pour s&rsquo;entra\u00eener et r\u00e9viser \u00e0 leur rythme. N&rsquo;h\u00e9sitez pas \u00e0 essayer ce g\u00e9n\u00e9rateur d&rsquo;exercices en ligne d\u00e8s maintenant pour faciliter l&rsquo;apprentissage et l&rsquo;enseignement de la seconde.<\/p>\n<p>&nbsp;[\/et_pb_text][et_pb_code _builder_version=\u00a0\u00bb4.22.2&Prime; _module_preset=\u00a0\u00bbdefault\u00a0\u00bb global_colors_info=\u00a0\u00bb{}\u00a0\u00bb]<script type=\"text\/javascript\"><!-- [et_pb_line_break_holder] -->    document.addEventListener('DOMContentLoaded', function() {<!-- [et_pb_line_break_holder] -->        var selectElement2 = document.getElementById('wpaicg-form-field-1');<!-- [et_pb_line_break_holder] -->      if (selectElement2) {<!-- [et_pb_line_break_holder] -->            selectElement2.value = '2nde';<!-- [et_pb_line_break_holder] -->        }<!-- [et_pb_line_break_holder] -->    });<!-- [et_pb_line_break_holder] --><\/script> [\/et_pb_code][\/et_pb_column][\/et_pb_row][\/et_pb_section]<\/p>\n","protected":false},"excerpt":{"rendered":"<p>Le g\u00e9n\u00e9rateur d&rsquo;exercices p\u00e9dagogiques en ligne de niveau 2nde est un outil pratique qui permet de cr\u00e9er des exercices personnalis\u00e9s, adapt\u00e9s au niveau des \u00e9l\u00e8ves de seconde. Ces exercices sont imprimables et gratuits, ce qui les rend facilement accessibles pour les enseignants et les \u00e9l\u00e8ves. Gr\u00e2ce \u00e0 cet outil, les enseignants peuvent g\u00e9n\u00e9rer des exercices [&hellip;]<\/p>\n","protected":false},"author":5,"featured_media":0,"parent":40,"menu_order":0,"comment_status":"closed","ping_status":"closed","template":"","meta":{"_seopress_robots_primary_cat":"","_seopress_titles_title":"G\u00e9n\u00e9rateur d&#039;exercices en ligne pour 2nde imprimables","_seopress_titles_desc":"\ud83d\udcddG\u00e9n\u00e9rez des exercices de niveau 2nde sur mesure, imprimables et gratuits. Essayez-le d\u00e8s maintenant!\ud83c\udf93\t","_seopress_robots_index":"","_et_pb_use_builder":"on","_et_pb_old_content":"Le g\u00e9n\u00e9rateur d'exercices p\u00e9dagogiques en ligne de niveau 2nde est un outil pratique qui permet de cr\u00e9er des exercices personnalis\u00e9s, adapt\u00e9s au niveau des \u00e9l\u00e8ves de seconde. Ces exercices sont imprimables et gratuits, ce qui les rend facilement accessibles pour les enseignants et les \u00e9l\u00e8ves. Gr\u00e2ce \u00e0 cet outil, les enseignants peuvent g\u00e9n\u00e9rer des exercices sur diverses mati\u00e8res telles que les math\u00e9matiques, la physique, la chimie, l'histoire, la g\u00e9ographie, etc. Les exercices sont con\u00e7us de mani\u00e8re \u00e0 couvrir les diff\u00e9rents aspects du programme scolaire et \u00e0 aider les \u00e9l\u00e8ves \u00e0 consolider leurs connaissances. Les \u00e9l\u00e8ves peuvent \u00e9galement profiter de cet outil pour s'entra\u00eener et r\u00e9viser \u00e0 leur rythme. N'h\u00e9sitez pas \u00e0 essayer ce g\u00e9n\u00e9rateur d'exercices en ligne d\u00e8s maintenant pour faciliter l'apprentissage et l'enseignement de la seconde.\r\n\r\n[button link=\"https:\/\/exos.education\/fr\/creez-vos-propres-exercices-educatifs-imprimable-avec-notre-generateur\/\"] \ud83d\udcddG\u00e9n\u00e9rez des exercices de niveau 2nde sur mesure, imprimables et gratuits. Essayez-le d\u00e8s maintenant!\ud83c\udf93 [\/button]\r\n\r\n\u00a0","_et_gb_content_width":"","footnotes":""},"class_list":["post-129","page","type-page","status-publish","hentry"],"_links":{"self":[{"href":"https:\/\/exos.education\/fr\/wp-json\/wp\/v2\/pages\/129","targetHints":{"allow":["GET"]}}],"collection":[{"href":"https:\/\/exos.education\/fr\/wp-json\/wp\/v2\/pages"}],"about":[{"href":"https:\/\/exos.education\/fr\/wp-json\/wp\/v2\/types\/page"}],"author":[{"embeddable":true,"href":"https:\/\/exos.education\/fr\/wp-json\/wp\/v2\/users\/5"}],"replies":[{"embeddable":true,"href":"https:\/\/exos.education\/fr\/wp-json\/wp\/v2\/comments?post=129"}],"version-history":[{"count":4,"href":"https:\/\/exos.education\/fr\/wp-json\/wp\/v2\/pages\/129\/revisions"}],"predecessor-version":[{"id":9437,"href":"https:\/\/exos.education\/fr\/wp-json\/wp\/v2\/pages\/129\/revisions\/9437"}],"up":[{"embeddable":true,"href":"https:\/\/exos.education\/fr\/wp-json\/wp\/v2\/pages\/40"}],"wp:attachment":[{"href":"https:\/\/exos.education\/fr\/wp-json\/wp\/v2\/media?parent=129"}],"curies":[{"name":"wp","href":"https:\/\/api.w.org\/{rel}","templated":true}]}}