{"id":137,"date":"2023-08-04T15:59:36","date_gmt":"2023-08-04T15:59:36","guid":{"rendered":"https:\/\/exos.education\/fr\/?page_id=137"},"modified":"2023-09-28T14:30:34","modified_gmt":"2023-09-28T13:30:34","slug":"terminale","status":"publish","type":"page","link":"https:\/\/exos.education\/fr\/generateur-dexercices-pedagogiques-en-ligne-et-gratuits\/terminale\/","title":{"rendered":"Cr\u00e9ez Vos Propres Exercices \u00c9ducatifs pour \u00e9l\u00e8ves en Terminale"},"content":{"rendered":"<p>[et_pb_section fb_built=\u00a0\u00bb1&Prime; _builder_version=\u00a0\u00bb4.16&Prime; global_colors_info=\u00a0\u00bb{}\u00a0\u00bb][et_pb_row _builder_version=\u00a0\u00bb4.16&Prime; background_size=\u00a0\u00bbinitial\u00a0\u00bb background_position=\u00a0\u00bbtop_left\u00a0\u00bb background_repeat=\u00a0\u00bbrepeat\u00a0\u00bb global_colors_info=\u00a0\u00bb{}\u00a0\u00bb][et_pb_column type=\u00a0\u00bb4_4&Prime; _builder_version=\u00a0\u00bb4.16&Prime; custom_padding=\u00a0\u00bb|||\u00a0\u00bb global_colors_info=\u00a0\u00bb{}\u00a0\u00bb custom_padding__hover=\u00a0\u00bb|||\u00a0\u00bb][et_pb_text _builder_version=\u00a0\u00bb4.22.2&Prime; background_size=\u00a0\u00bbinitial\u00a0\u00bb background_position=\u00a0\u00bbtop_left\u00a0\u00bb background_repeat=\u00a0\u00bbrepeat\u00a0\u00bb global_colors_info=\u00a0\u00bb{}\u00a0\u00bb]<\/p>\n<p>Le g\u00e9n\u00e9rateur d&rsquo;exercices p\u00e9dagogiques en ligne Niveau Terminale imprimables est un outil incroyable qui permet de cr\u00e9er des exercices personnalis\u00e9s pour les \u00e9tudiants de Terminale. Avec cet outil, vous pouvez g\u00e9n\u00e9rer des exercices adapt\u00e9s au niveau des \u00e9l\u00e8ves, les imprimer et les distribuer en classe. C&rsquo;est un excellent moyen d&rsquo;aider les \u00e9l\u00e8ves \u00e0 pratiquer et \u00e0 consolider leurs connaissances dans diff\u00e9rentes mati\u00e8res. Que ce soit en math\u00e9matiques, en fran\u00e7ais, en histoire ou en sciences, ce g\u00e9n\u00e9rateur d&rsquo;exercices en ligne propose une grande vari\u00e9t\u00e9 d&rsquo;exercices pour tous les niveaux et toutes les comp\u00e9tences. De plus, cet outil est enti\u00e8rement gratuit, ce qui en fait un moyen accessible et abordable pour les enseignants et les \u00e9tudiants. N&rsquo;attendez plus, essayez-le d\u00e8s maintenant et donnez \u00e0 vos \u00e9l\u00e8ves un moyen interactif et amusant de s&rsquo;entra\u00eener!<\/p>\n<p>[\/et_pb_text][et_pb_code _builder_version=\u00a0\u00bb4.22.2&Prime; _module_preset=\u00a0\u00bbdefault\u00a0\u00bb global_colors_info=\u00a0\u00bb{}\u00a0\u00bb]<script type=\"text\/javascript\"><!-- [et_pb_line_break_holder] -->    document.addEventListener('DOMContentLoaded', function() {<!-- [et_pb_line_break_holder] -->        var selectElement2 = document.getElementById('wpaicg-form-field-1');<!-- [et_pb_line_break_holder] -->      if (selectElement2) {<!-- [et_pb_line_break_holder] -->            selectElement2.value = 'Terminale';<!-- [et_pb_line_break_holder] -->        }<!-- [et_pb_line_break_holder] -->    });<!-- [et_pb_line_break_holder] --><\/script> [\/et_pb_code][\/et_pb_column][\/et_pb_row][\/et_pb_section]<\/p>\n","protected":false},"excerpt":{"rendered":"<p>Le g\u00e9n\u00e9rateur d&rsquo;exercices p\u00e9dagogiques en ligne Niveau Terminale imprimables est un outil incroyable qui permet de cr\u00e9er des exercices personnalis\u00e9s pour les \u00e9tudiants de Terminale. Avec cet outil, vous pouvez g\u00e9n\u00e9rer des exercices adapt\u00e9s au niveau des \u00e9l\u00e8ves, les imprimer et les distribuer en classe. C&rsquo;est un excellent moyen d&rsquo;aider les \u00e9l\u00e8ves \u00e0 pratiquer et [&hellip;]<\/p>\n","protected":false},"author":5,"featured_media":0,"parent":40,"menu_order":0,"comment_status":"closed","ping_status":"closed","template":"","meta":{"_seopress_robots_primary_cat":"","_seopress_titles_title":"G\u00e9n\u00e9rateur d&#039;exercices en ligne Terminale imprimables","_seopress_titles_desc":"\ud83d\ude80G\u00e9n\u00e9rez des exercices de niveau Terminal sur mesure, imprimables et gratuits. Essayez-le maintenant!\ud83d\udc68\u200d\ud83c\udf93\t","_seopress_robots_index":"","_et_pb_use_builder":"on","_et_pb_old_content":"Le g\u00e9n\u00e9rateur d'exercices p\u00e9dagogiques en ligne Niveau Terminale imprimables est un outil incroyable qui permet de cr\u00e9er des exercices personnalis\u00e9s pour les \u00e9tudiants de Terminale. Avec cet outil, vous pouvez g\u00e9n\u00e9rer des exercices adapt\u00e9s au niveau des \u00e9l\u00e8ves, les imprimer et les distribuer en classe. C'est un excellent moyen d'aider les \u00e9l\u00e8ves \u00e0 pratiquer et \u00e0 consolider leurs connaissances dans diff\u00e9rentes mati\u00e8res. Que ce soit en math\u00e9matiques, en fran\u00e7ais, en histoire ou en sciences, ce g\u00e9n\u00e9rateur d'exercices en ligne propose une grande vari\u00e9t\u00e9 d'exercices pour tous les niveaux et toutes les comp\u00e9tences. De plus, cet outil est enti\u00e8rement gratuit, ce qui en fait un moyen accessible et abordable pour les enseignants et les \u00e9tudiants. N'attendez plus, essayez-le d\u00e8s maintenant et donnez \u00e0 vos \u00e9l\u00e8ves un moyen interactif et amusant de s'entra\u00eener!\r\n\r\n[button link=\"https:\/\/exos.education\/fr\/creez-vos-propres-exercices-educatifs-imprimable-avec-notre-generateur\/\"] \ud83d\ude80G\u00e9n\u00e9rez des exercices de niveau Terminal sur mesure, imprimables et gratuits. Essayez-le maintenant!\ud83d\udc68\u200d\ud83c\udf93[\/button]","_et_gb_content_width":"","footnotes":""},"class_list":["post-137","page","type-page","status-publish","hentry"],"_links":{"self":[{"href":"https:\/\/exos.education\/fr\/wp-json\/wp\/v2\/pages\/137","targetHints":{"allow":["GET"]}}],"collection":[{"href":"https:\/\/exos.education\/fr\/wp-json\/wp\/v2\/pages"}],"about":[{"href":"https:\/\/exos.education\/fr\/wp-json\/wp\/v2\/types\/page"}],"author":[{"embeddable":true,"href":"https:\/\/exos.education\/fr\/wp-json\/wp\/v2\/users\/5"}],"replies":[{"embeddable":true,"href":"https:\/\/exos.education\/fr\/wp-json\/wp\/v2\/comments?post=137"}],"version-history":[{"count":7,"href":"https:\/\/exos.education\/fr\/wp-json\/wp\/v2\/pages\/137\/revisions"}],"predecessor-version":[{"id":9422,"href":"https:\/\/exos.education\/fr\/wp-json\/wp\/v2\/pages\/137\/revisions\/9422"}],"up":[{"embeddable":true,"href":"https:\/\/exos.education\/fr\/wp-json\/wp\/v2\/pages\/40"}],"wp:attachment":[{"href":"https:\/\/exos.education\/fr\/wp-json\/wp\/v2\/media?parent=137"}],"curies":[{"name":"wp","href":"https:\/\/api.w.org\/{rel}","templated":true}]}}