{"id":141,"date":"2023-08-04T16:00:19","date_gmt":"2023-08-04T16:00:19","guid":{"rendered":"https:\/\/exos.education\/fr\/?page_id=141"},"modified":"2023-09-28T14:30:22","modified_gmt":"2023-09-28T13:30:22","slug":"malvoyants","status":"publish","type":"page","link":"https:\/\/exos.education\/fr\/generateur-dexercices-pedagogiques-en-ligne-et-gratuits\/malvoyants\/","title":{"rendered":"Cr\u00e9ez Vos Propres Exercices \u00c9ducatifs pour \u00e9l\u00e8ves Malvoyants"},"content":{"rendered":"<p>[et_pb_section fb_built=\u00a0\u00bb1&Prime; _builder_version=\u00a0\u00bb4.16&Prime; global_colors_info=\u00a0\u00bb{}\u00a0\u00bb][et_pb_row _builder_version=\u00a0\u00bb4.16&Prime; background_size=\u00a0\u00bbinitial\u00a0\u00bb background_position=\u00a0\u00bbtop_left\u00a0\u00bb background_repeat=\u00a0\u00bbrepeat\u00a0\u00bb global_colors_info=\u00a0\u00bb{}\u00a0\u00bb][et_pb_column type=\u00a0\u00bb4_4&Prime; _builder_version=\u00a0\u00bb4.16&Prime; custom_padding=\u00a0\u00bb|||\u00a0\u00bb global_colors_info=\u00a0\u00bb{}\u00a0\u00bb custom_padding__hover=\u00a0\u00bb|||\u00a0\u00bb][et_pb_text _builder_version=\u00a0\u00bb4.21.0&Prime; background_size=\u00a0\u00bbinitial\u00a0\u00bb background_position=\u00a0\u00bbtop_left\u00a0\u00bb background_repeat=\u00a0\u00bbrepeat\u00a0\u00bb global_colors_info=\u00a0\u00bb{}\u00a0\u00bb]Le g\u00e9n\u00e9rateur d&rsquo;exercices p\u00e9dagogiques adapt\u00e9 aux malvoyants imprimables est une ressource essentielle pour les enseignants et les \u00e9l\u00e8ves qui ont des probl\u00e8mes de vision. Cette plateforme en ligne permet de cr\u00e9er facilement des exercices adapt\u00e9s aux besoins sp\u00e9cifiques des malvoyants, et qui peuvent \u00eatre imprim\u00e9s gratuitement. Que ce soit des exercices de math\u00e9matiques, de lecture, de sciences ou d&rsquo;autres mati\u00e8res, ce g\u00e9n\u00e9rateur offre une vari\u00e9t\u00e9 d&rsquo;options pour personnaliser les exercices en fonction des besoins individuels des \u00e9l\u00e8ves. Il est facile \u00e0 utiliser et permet aux enseignants de produire rapidement des supports p\u00e9dagogiques accessibles pour les malvoyants. Les \u00e9l\u00e8ves peuvent ainsi b\u00e9n\u00e9ficier d&rsquo;activit\u00e9s qui leur permettent de d\u00e9velopper leurs comp\u00e9tences tout en prenant en compte leurs difficult\u00e9s visuelles. N&rsquo;h\u00e9sitez pas \u00e0 essayer ce g\u00e9n\u00e9rateur d&rsquo;exercices en ligne d\u00e8s maintenant et offrez une \u00e9ducation inclusive \u00e0 vos \u00e9l\u00e8ves malvoyants. \ud83d\udc40\ud83d\ude4c[\/et_pb_text][et_pb_code _builder_version=\u00a0\u00bb4.22.2&Prime; _module_preset=\u00a0\u00bbdefault\u00a0\u00bb global_colors_info=\u00a0\u00bb{}\u00a0\u00bb]<script type=\"text\/javascript\"><!-- [et_pb_line_break_holder] -->    document.addEventListener('DOMContentLoaded', function() {<!-- [et_pb_line_break_holder] -->        var selectElement3 = document.getElementById('wpaicg-form-field-7');<!-- [et_pb_line_break_holder] -->      if (selectElement3) {<!-- [et_pb_line_break_holder] -->            selectElement3.value = '\u00e9l\u00e8ves Malvoyants';<!-- [et_pb_line_break_holder] -->        }<!-- [et_pb_line_break_holder] -->    });<!-- [et_pb_line_break_holder] --><\/script>[\/et_pb_code][\/et_pb_column][\/et_pb_row][\/et_pb_section]<\/p>\n","protected":false},"excerpt":{"rendered":"<p>Le g\u00e9n\u00e9rateur d&rsquo;exercices p\u00e9dagogiques adapt\u00e9 aux malvoyants imprimables est une ressource essentielle pour les enseignants et les \u00e9l\u00e8ves qui ont des probl\u00e8mes de vision. Cette plateforme en ligne permet de cr\u00e9er facilement des exercices adapt\u00e9s aux besoins sp\u00e9cifiques des malvoyants, et qui peuvent \u00eatre imprim\u00e9s gratuitement. Que ce soit des exercices de math\u00e9matiques, de lecture, [&hellip;]<\/p>\n","protected":false},"author":5,"featured_media":0,"parent":40,"menu_order":0,"comment_status":"closed","ping_status":"closed","template":"","meta":{"_seopress_robots_primary_cat":"","_seopress_titles_title":"G\u00e9n\u00e9rateur d&#039;exercices en ligne Malvoyants imprimables","_seopress_titles_desc":"\ud83d\udc40Cr\u00e9ez des exercices adapt\u00e9s aux malvoyants, imprimables et gratuits. Essayez-le d\u00e8s maintenant!\ud83d\ude4c\t","_seopress_robots_index":"","_et_pb_use_builder":"on","_et_pb_old_content":"Le g\u00e9n\u00e9rateur d'exercices p\u00e9dagogiques adapt\u00e9 aux malvoyants imprimables est une ressource essentielle pour les enseignants et les \u00e9l\u00e8ves qui ont des probl\u00e8mes de vision. Cette plateforme en ligne permet de cr\u00e9er facilement des exercices adapt\u00e9s aux besoins sp\u00e9cifiques des malvoyants, et qui peuvent \u00eatre imprim\u00e9s gratuitement. Que ce soit des exercices de math\u00e9matiques, de lecture, de sciences ou d'autres mati\u00e8res, ce g\u00e9n\u00e9rateur offre une vari\u00e9t\u00e9 d'options pour personnaliser les exercices en fonction des besoins individuels des \u00e9l\u00e8ves. Il est facile \u00e0 utiliser et permet aux enseignants de produire rapidement des supports p\u00e9dagogiques accessibles pour les malvoyants. Les \u00e9l\u00e8ves peuvent ainsi b\u00e9n\u00e9ficier d'activit\u00e9s qui leur permettent de d\u00e9velopper leurs comp\u00e9tences tout en prenant en compte leurs difficult\u00e9s visuelles. N'h\u00e9sitez pas \u00e0 essayer ce g\u00e9n\u00e9rateur d'exercices en ligne d\u00e8s maintenant et offrez une \u00e9ducation inclusive \u00e0 vos \u00e9l\u00e8ves malvoyants. \ud83d\udc40\ud83d\ude4c\r\n\r\n[button link=\"https:\/\/exos.education\/fr\/creez-vos-propres-exercices-educatifs-imprimable-avec-notre-generateur\/\"] \ud83d\udc40Cr\u00e9ez des exercices adapt\u00e9s aux malvoyants, imprimables et gratuits. Essayez-le d\u00e8s maintenant!\ud83d\ude4c[\/button]","_et_gb_content_width":"","footnotes":""},"class_list":["post-141","page","type-page","status-publish","hentry"],"_links":{"self":[{"href":"https:\/\/exos.education\/fr\/wp-json\/wp\/v2\/pages\/141","targetHints":{"allow":["GET"]}}],"collection":[{"href":"https:\/\/exos.education\/fr\/wp-json\/wp\/v2\/pages"}],"about":[{"href":"https:\/\/exos.education\/fr\/wp-json\/wp\/v2\/types\/page"}],"author":[{"embeddable":true,"href":"https:\/\/exos.education\/fr\/wp-json\/wp\/v2\/users\/5"}],"replies":[{"embeddable":true,"href":"https:\/\/exos.education\/fr\/wp-json\/wp\/v2\/comments?post=141"}],"version-history":[{"count":4,"href":"https:\/\/exos.education\/fr\/wp-json\/wp\/v2\/pages\/141\/revisions"}],"predecessor-version":[{"id":9418,"href":"https:\/\/exos.education\/fr\/wp-json\/wp\/v2\/pages\/141\/revisions\/9418"}],"up":[{"embeddable":true,"href":"https:\/\/exos.education\/fr\/wp-json\/wp\/v2\/pages\/40"}],"wp:attachment":[{"href":"https:\/\/exos.education\/fr\/wp-json\/wp\/v2\/media?parent=141"}],"curies":[{"name":"wp","href":"https:\/\/api.w.org\/{rel}","templated":true}]}}