{"id":145,"date":"2023-08-04T16:00:59","date_gmt":"2023-08-04T16:00:59","guid":{"rendered":"https:\/\/exos.education\/fr\/?page_id=145"},"modified":"2023-09-28T14:30:29","modified_gmt":"2023-09-28T13:30:29","slug":"malentendants","status":"publish","type":"page","link":"https:\/\/exos.education\/fr\/generateur-dexercices-pedagogiques-en-ligne-et-gratuits\/malentendants\/","title":{"rendered":"Cr\u00e9ez Vos Propres Exercices \u00c9ducatifs pour \u00e9l\u00e8ves Malentendants"},"content":{"rendered":"<p>[et_pb_section fb_built=\u00a0\u00bb1&Prime; _builder_version=\u00a0\u00bb4.16&Prime; global_colors_info=\u00a0\u00bb{}\u00a0\u00bb][et_pb_row _builder_version=\u00a0\u00bb4.16&Prime; background_size=\u00a0\u00bbinitial\u00a0\u00bb background_position=\u00a0\u00bbtop_left\u00a0\u00bb background_repeat=\u00a0\u00bbrepeat\u00a0\u00bb global_colors_info=\u00a0\u00bb{}\u00a0\u00bb][et_pb_column type=\u00a0\u00bb4_4&Prime; _builder_version=\u00a0\u00bb4.16&Prime; custom_padding=\u00a0\u00bb|||\u00a0\u00bb global_colors_info=\u00a0\u00bb{}\u00a0\u00bb custom_padding__hover=\u00a0\u00bb|||\u00a0\u00bb][et_pb_text _builder_version=\u00a0\u00bb4.21.0&Prime; background_size=\u00a0\u00bbinitial\u00a0\u00bb background_position=\u00a0\u00bbtop_left\u00a0\u00bb background_repeat=\u00a0\u00bbrepeat\u00a0\u00bb global_colors_info=\u00a0\u00bb{}\u00a0\u00bb]Le g\u00e9n\u00e9rateur d&rsquo;exercices p\u00e9dagogiques adapt\u00e9 aux malentendants, imprimables et gratuits, est un outil pr\u00e9cieux pour les enseignants et les apprenants ayant une d\u00e9ficience auditive. Avec cet outil en ligne, il est possible de cr\u00e9er des exercices personnalis\u00e9s qui prennent en compte les besoins sp\u00e9cifiques des malentendants, en utilisant des supports visuels et \u00e9crits. Les exercices g\u00e9n\u00e9r\u00e9s peuvent \u00eatre imprim\u00e9s facilement, ce qui permet aux apprenants de les compl\u00e9ter \u00e0 leur propre rythme, \u00e0 la maison ou en classe. En offrant cet outil gratuitement, il est d\u00e9sormais plus facile pour les enseignants de fournir des ressources adapt\u00e9es aux malentendants et de favoriser leur apprentissage. N&rsquo;h\u00e9sitez pas \u00e0 commencer \u00e0 utiliser ce g\u00e9n\u00e9rateur d&rsquo;exercices d\u00e8s aujourd&rsquo;hui et \u00e0 offrir une exp\u00e9rience d&rsquo;apprentissage plus inclusive pour tous les apprenants malentendants.[\/et_pb_text][et_pb_code _builder_version=\u00a0\u00bb4.22.2&Prime; _module_preset=\u00a0\u00bbdefault\u00a0\u00bb global_colors_info=\u00a0\u00bb{}\u00a0\u00bb]<script type=\"text\/javascript\"><!-- [et_pb_line_break_holder] -->    document.addEventListener('DOMContentLoaded', function() {<!-- [et_pb_line_break_holder] -->        var selectElement3 = document.getElementById('wpaicg-form-field-7');<!-- [et_pb_line_break_holder] -->      if (selectElement3) {<!-- [et_pb_line_break_holder] -->            selectElement3.value = '\u00e9l\u00e8ves Malentendants';<!-- [et_pb_line_break_holder] -->        }<!-- [et_pb_line_break_holder] -->    });<!-- [et_pb_line_break_holder] --><\/script>[\/et_pb_code][\/et_pb_column][\/et_pb_row][\/et_pb_section]<\/p>\n","protected":false},"excerpt":{"rendered":"<p>Le g\u00e9n\u00e9rateur d&rsquo;exercices p\u00e9dagogiques adapt\u00e9 aux malentendants, imprimables et gratuits, est un outil pr\u00e9cieux pour les enseignants et les apprenants ayant une d\u00e9ficience auditive. Avec cet outil en ligne, il est possible de cr\u00e9er des exercices personnalis\u00e9s qui prennent en compte les besoins sp\u00e9cifiques des malentendants, en utilisant des supports visuels et \u00e9crits. Les exercices [&hellip;]<\/p>\n","protected":false},"author":5,"featured_media":0,"parent":40,"menu_order":0,"comment_status":"closed","ping_status":"closed","template":"","meta":{"_seopress_robots_primary_cat":"","_seopress_titles_title":"G\u00e9n\u00e9rateur d&#039;exercices en ligne Malentendants imprimables","_seopress_titles_desc":"\ud83e\udd1fG\u00e9n\u00e9rez des exercices adapt\u00e9s aux malentendants, imprimables et gratuits. Commencez aujourd&#039;hui!\ud83d\udcab\t","_seopress_robots_index":"","_et_pb_use_builder":"on","_et_pb_old_content":"Le g\u00e9n\u00e9rateur d'exercices p\u00e9dagogiques adapt\u00e9 aux malentendants, imprimables et gratuits, est un outil pr\u00e9cieux pour les enseignants et les apprenants ayant une d\u00e9ficience auditive. Avec cet outil en ligne, il est possible de cr\u00e9er des exercices personnalis\u00e9s qui prennent en compte les besoins sp\u00e9cifiques des malentendants, en utilisant des supports visuels et \u00e9crits. Les exercices g\u00e9n\u00e9r\u00e9s peuvent \u00eatre imprim\u00e9s facilement, ce qui permet aux apprenants de les compl\u00e9ter \u00e0 leur propre rythme, \u00e0 la maison ou en classe. En offrant cet outil gratuitement, il est d\u00e9sormais plus facile pour les enseignants de fournir des ressources adapt\u00e9es aux malentendants et de favoriser leur apprentissage. N'h\u00e9sitez pas \u00e0 commencer \u00e0 utiliser ce g\u00e9n\u00e9rateur d'exercices d\u00e8s aujourd'hui et \u00e0 offrir une exp\u00e9rience d'apprentissage plus inclusive pour tous les apprenants malentendants.\r\n\r\n[button link=\"https:\/\/exos.education\/fr\/creez-vos-propres-exercices-educatifs-imprimable-avec-notre-generateur\/\"] \ud83e\udd1fG\u00e9n\u00e9rez des exercices adapt\u00e9s aux malentendants, imprimables et gratuits. Commencez aujourd'hui!\ud83d\udcab[\/button]","_et_gb_content_width":"","footnotes":""},"class_list":["post-145","page","type-page","status-publish","hentry"],"_links":{"self":[{"href":"https:\/\/exos.education\/fr\/wp-json\/wp\/v2\/pages\/145","targetHints":{"allow":["GET"]}}],"collection":[{"href":"https:\/\/exos.education\/fr\/wp-json\/wp\/v2\/pages"}],"about":[{"href":"https:\/\/exos.education\/fr\/wp-json\/wp\/v2\/types\/page"}],"author":[{"embeddable":true,"href":"https:\/\/exos.education\/fr\/wp-json\/wp\/v2\/users\/5"}],"replies":[{"embeddable":true,"href":"https:\/\/exos.education\/fr\/wp-json\/wp\/v2\/comments?post=145"}],"version-history":[{"count":4,"href":"https:\/\/exos.education\/fr\/wp-json\/wp\/v2\/pages\/145\/revisions"}],"predecessor-version":[{"id":9421,"href":"https:\/\/exos.education\/fr\/wp-json\/wp\/v2\/pages\/145\/revisions\/9421"}],"up":[{"embeddable":true,"href":"https:\/\/exos.education\/fr\/wp-json\/wp\/v2\/pages\/40"}],"wp:attachment":[{"href":"https:\/\/exos.education\/fr\/wp-json\/wp\/v2\/media?parent=145"}],"curies":[{"name":"wp","href":"https:\/\/api.w.org\/{rel}","templated":true}]}}