{"id":155,"date":"2023-08-04T16:11:30","date_gmt":"2023-08-04T16:11:30","guid":{"rendered":"https:\/\/exos.education\/fr\/?page_id=155"},"modified":"2023-09-28T14:30:14","modified_gmt":"2023-09-28T13:30:14","slug":"tdah","status":"publish","type":"page","link":"https:\/\/exos.education\/fr\/generateur-dexercices-pedagogiques-en-ligne-et-gratuits\/tdah\/","title":{"rendered":"Cr\u00e9ez Vos Propres Exercices \u00c9ducatifs pour \u00e9l\u00e8ves TDAH"},"content":{"rendered":"<p>[et_pb_section fb_built=\u00a0\u00bb1&Prime; _builder_version=\u00a0\u00bb4.16&Prime; global_colors_info=\u00a0\u00bb{}\u00a0\u00bb][et_pb_row _builder_version=\u00a0\u00bb4.16&Prime; background_size=\u00a0\u00bbinitial\u00a0\u00bb background_position=\u00a0\u00bbtop_left\u00a0\u00bb background_repeat=\u00a0\u00bbrepeat\u00a0\u00bb global_colors_info=\u00a0\u00bb{}\u00a0\u00bb][et_pb_column type=\u00a0\u00bb4_4&Prime; _builder_version=\u00a0\u00bb4.16&Prime; custom_padding=\u00a0\u00bb|||\u00a0\u00bb global_colors_info=\u00a0\u00bb{}\u00a0\u00bb custom_padding__hover=\u00a0\u00bb|||\u00a0\u00bb][et_pb_text _builder_version=\u00a0\u00bb4.21.0&Prime; background_size=\u00a0\u00bbinitial\u00a0\u00bb background_position=\u00a0\u00bbtop_left\u00a0\u00bb background_repeat=\u00a0\u00bbrepeat\u00a0\u00bb global_colors_info=\u00a0\u00bb{}\u00a0\u00bb]Le g\u00e9n\u00e9rateur d&rsquo;exercices p\u00e9dagogiques adapt\u00e9 au TDAH est un outil en ligne qui permet de cr\u00e9er des exercices sur mesure pour les personnes atteintes de ce trouble. Ces exercices sont sp\u00e9cialement con\u00e7us pour r\u00e9pondre aux besoins et aux difficult\u00e9s sp\u00e9cifiques des personnes atteintes de TDAH, leur offrant ainsi une exp\u00e9rience d&rsquo;apprentissage plus adapt\u00e9e et plus efficace. De plus, ces exercices sont imprimables, ce qui permet aux utilisateurs de les avoir sous forme physique et de travailler dessus \u00e0 leur propre rythme. Le g\u00e9n\u00e9rateur d&rsquo;exercices en ligne TDAH est enti\u00e8rement gratuit, ce qui le rend accessible \u00e0 tous. Pour commencer \u00e0 b\u00e9n\u00e9ficier de cet outil, il suffit de se rendre sur le site et de g\u00e9n\u00e9rer les exercices adapt\u00e9s au TDAH. Une solution pratique et efficace pour aider les personnes atteintes de ce trouble \u00e0 progresser dans leur apprentissage.[\/et_pb_text][et_pb_code _builder_version=\u00a0\u00bb4.22.2&Prime; _module_preset=\u00a0\u00bbdefault\u00a0\u00bb global_colors_info=\u00a0\u00bb{}\u00a0\u00bb]<script type=\"text\/javascript\"><!-- [et_pb_line_break_holder] -->    document.addEventListener('DOMContentLoaded', function() {<!-- [et_pb_line_break_holder] -->        var selectElement3 = document.getElementById('wpaicg-form-field-7');<!-- [et_pb_line_break_holder] -->      if (selectElement3) {<!-- [et_pb_line_break_holder] -->            selectElement3.value = '\u00e9l\u00e8ves TDAH';<!-- [et_pb_line_break_holder] -->        }<!-- [et_pb_line_break_holder] -->    });<!-- [et_pb_line_break_holder] --><\/script>[\/et_pb_code][\/et_pb_column][\/et_pb_row][\/et_pb_section]<\/p>\n","protected":false},"excerpt":{"rendered":"<p>Le g\u00e9n\u00e9rateur d&rsquo;exercices p\u00e9dagogiques adapt\u00e9 au TDAH est un outil en ligne qui permet de cr\u00e9er des exercices sur mesure pour les personnes atteintes de ce trouble. Ces exercices sont sp\u00e9cialement con\u00e7us pour r\u00e9pondre aux besoins et aux difficult\u00e9s sp\u00e9cifiques des personnes atteintes de TDAH, leur offrant ainsi une exp\u00e9rience d&rsquo;apprentissage plus adapt\u00e9e et plus [&hellip;]<\/p>\n","protected":false},"author":5,"featured_media":0,"parent":40,"menu_order":0,"comment_status":"closed","ping_status":"closed","template":"","meta":{"_seopress_robots_primary_cat":"","_seopress_titles_title":"G\u00e9n\u00e9rateur d&#039;exercices en ligne TDAH imprimables","_seopress_titles_desc":"\u23f1\ufe0fG\u00e9n\u00e9rez des exercices adapt\u00e9s aux TDAH, imprimables et gratuits. Commencez d\u00e8s maintenant!\ud83d\udc4c\t","_seopress_robots_index":"","_et_pb_use_builder":"on","_et_pb_old_content":"Le g\u00e9n\u00e9rateur d'exercices p\u00e9dagogiques adapt\u00e9 au TDAH est un outil en ligne qui permet de cr\u00e9er des exercices sur mesure pour les personnes atteintes de ce trouble. Ces exercices sont sp\u00e9cialement con\u00e7us pour r\u00e9pondre aux besoins et aux difficult\u00e9s sp\u00e9cifiques des personnes atteintes de TDAH, leur offrant ainsi une exp\u00e9rience d'apprentissage plus adapt\u00e9e et plus efficace. De plus, ces exercices sont imprimables, ce qui permet aux utilisateurs de les avoir sous forme physique et de travailler dessus \u00e0 leur propre rythme. Le g\u00e9n\u00e9rateur d'exercices en ligne TDAH est enti\u00e8rement gratuit, ce qui le rend accessible \u00e0 tous. Pour commencer \u00e0 b\u00e9n\u00e9ficier de cet outil, il suffit de se rendre sur le site et de g\u00e9n\u00e9rer les exercices adapt\u00e9s au TDAH. Une solution pratique et efficace pour aider les personnes atteintes de ce trouble \u00e0 progresser dans leur apprentissage.\r\n\r\n[button link=\"https:\/\/exos.education\/fr\/creez-vos-propres-exercices-educatifs-imprimable-avec-notre-generateur\/\"] \u23f1\ufe0fG\u00e9n\u00e9rez des exercices adapt\u00e9s aux TDAH, imprimables et gratuits. Commencez d\u00e8s maintenant!\ud83d\udc4c[\/button]","_et_gb_content_width":"","footnotes":""},"class_list":["post-155","page","type-page","status-publish","hentry"],"_links":{"self":[{"href":"https:\/\/exos.education\/fr\/wp-json\/wp\/v2\/pages\/155","targetHints":{"allow":["GET"]}}],"collection":[{"href":"https:\/\/exos.education\/fr\/wp-json\/wp\/v2\/pages"}],"about":[{"href":"https:\/\/exos.education\/fr\/wp-json\/wp\/v2\/types\/page"}],"author":[{"embeddable":true,"href":"https:\/\/exos.education\/fr\/wp-json\/wp\/v2\/users\/5"}],"replies":[{"embeddable":true,"href":"https:\/\/exos.education\/fr\/wp-json\/wp\/v2\/comments?post=155"}],"version-history":[{"count":4,"href":"https:\/\/exos.education\/fr\/wp-json\/wp\/v2\/pages\/155\/revisions"}],"predecessor-version":[{"id":9414,"href":"https:\/\/exos.education\/fr\/wp-json\/wp\/v2\/pages\/155\/revisions\/9414"}],"up":[{"embeddable":true,"href":"https:\/\/exos.education\/fr\/wp-json\/wp\/v2\/pages\/40"}],"wp:attachment":[{"href":"https:\/\/exos.education\/fr\/wp-json\/wp\/v2\/media?parent=155"}],"curies":[{"name":"wp","href":"https:\/\/api.w.org\/{rel}","templated":true}]}}