{"id":159,"date":"2023-08-04T16:12:00","date_gmt":"2023-08-04T16:12:00","guid":{"rendered":"https:\/\/exos.education\/fr\/?page_id=159"},"modified":"2023-09-28T14:31:06","modified_gmt":"2023-09-28T13:31:06","slug":"dyscalculiques","status":"publish","type":"page","link":"https:\/\/exos.education\/fr\/generateur-dexercices-pedagogiques-en-ligne-et-gratuits\/dyscalculiques\/","title":{"rendered":"Cr\u00e9ez Vos Propres Exercices \u00c9ducatifs pour \u00e9l\u00e8ves Dyscalculiques"},"content":{"rendered":"<p>[et_pb_section fb_built=\u00a0\u00bb1&Prime; _builder_version=\u00a0\u00bb4.16&Prime; global_colors_info=\u00a0\u00bb{}\u00a0\u00bb][et_pb_row _builder_version=\u00a0\u00bb4.16&Prime; background_size=\u00a0\u00bbinitial\u00a0\u00bb background_position=\u00a0\u00bbtop_left\u00a0\u00bb background_repeat=\u00a0\u00bbrepeat\u00a0\u00bb global_colors_info=\u00a0\u00bb{}\u00a0\u00bb][et_pb_column type=\u00a0\u00bb4_4&Prime; _builder_version=\u00a0\u00bb4.16&Prime; custom_padding=\u00a0\u00bb|||\u00a0\u00bb global_colors_info=\u00a0\u00bb{}\u00a0\u00bb custom_padding__hover=\u00a0\u00bb|||\u00a0\u00bb][et_pb_text _builder_version=\u00a0\u00bb4.21.0&Prime; background_size=\u00a0\u00bbinitial\u00a0\u00bb background_position=\u00a0\u00bbtop_left\u00a0\u00bb background_repeat=\u00a0\u00bbrepeat\u00a0\u00bb global_colors_info=\u00a0\u00bb{}\u00a0\u00bb]Le g\u00e9n\u00e9rateur d&rsquo;exercices p\u00e9dagogiques adapt\u00e9 \u00e0 Dyscalculiques imprimables est un outil en ligne qui permet de cr\u00e9er des exercices sp\u00e9cifiquement con\u00e7us pour les personnes atteintes de dyscalculie. Ces exercices sont imprimables et gratuits, ce qui les rend accessibles \u00e0 tous. Gr\u00e2ce \u00e0 cet outil, il est possible de g\u00e9n\u00e9rer diff\u00e9rents types d&rsquo;exercices math\u00e9matiques adapt\u00e9s aux besoins des dyscalculiques, tels que des probl\u00e8mes de calcul, des exercices de num\u00e9ration ou des exercices de g\u00e9om\u00e9trie. Il s&rsquo;agit d&rsquo;une ressource pr\u00e9cieuse pour les enseignants, les parents et les \u00e9l\u00e8ves dyscalculiques, leur permettant de travailler les math\u00e9matiques de mani\u00e8re adapt\u00e9e et personnalis\u00e9e. N&rsquo;h\u00e9sitez pas \u00e0 essayer ce g\u00e9n\u00e9rateur d&rsquo;exercices aujourd&rsquo;hui et offrez aux dyscalculiques une approche p\u00e9dagogique adapt\u00e9e \u00e0 leurs besoins.[\/et_pb_text][et_pb_code _builder_version=\u00a0\u00bb4.22.2&Prime; _module_preset=\u00a0\u00bbdefault\u00a0\u00bb global_colors_info=\u00a0\u00bb{}\u00a0\u00bb]<script type=\"text\/javascript\"><!-- [et_pb_line_break_holder] -->    document.addEventListener('DOMContentLoaded', function() {<!-- [et_pb_line_break_holder] -->        var selectElement3 = document.getElementById('wpaicg-form-field-7');<!-- [et_pb_line_break_holder] -->      if (selectElement3) {<!-- [et_pb_line_break_holder] -->            selectElement3.value = '\u00e9l\u00e8ves Dyscalculiques';<!-- [et_pb_line_break_holder] -->        }<!-- [et_pb_line_break_holder] -->    });<!-- [et_pb_line_break_holder] --><\/script>[\/et_pb_code][\/et_pb_column][\/et_pb_row][\/et_pb_section]<\/p>\n","protected":false},"excerpt":{"rendered":"<p>Le g\u00e9n\u00e9rateur d&rsquo;exercices p\u00e9dagogiques adapt\u00e9 \u00e0 Dyscalculiques imprimables est un outil en ligne qui permet de cr\u00e9er des exercices sp\u00e9cifiquement con\u00e7us pour les personnes atteintes de dyscalculie. Ces exercices sont imprimables et gratuits, ce qui les rend accessibles \u00e0 tous. Gr\u00e2ce \u00e0 cet outil, il est possible de g\u00e9n\u00e9rer diff\u00e9rents types d&rsquo;exercices math\u00e9matiques adapt\u00e9s aux [&hellip;]<\/p>\n","protected":false},"author":5,"featured_media":0,"parent":40,"menu_order":0,"comment_status":"closed","ping_status":"closed","template":"","meta":{"_seopress_robots_primary_cat":"","_seopress_titles_title":"G\u00e9n\u00e9rateur d&#039;exercices en ligne Dyscalculiques imprimables","_seopress_titles_desc":"\ud83e\uddeeCr\u00e9ez des exercices adapt\u00e9s aux dyscalculiques, imprimables et gratuits. Essayez-le aujourd&#039;hui!\ud83d\udca1\t","_seopress_robots_index":"","_et_pb_use_builder":"on","_et_pb_old_content":"Le g\u00e9n\u00e9rateur d'exercices p\u00e9dagogiques adapt\u00e9 \u00e0 Dyscalculiques imprimables est un outil en ligne qui permet de cr\u00e9er des exercices sp\u00e9cifiquement con\u00e7us pour les personnes atteintes de dyscalculie. Ces exercices sont imprimables et gratuits, ce qui les rend accessibles \u00e0 tous. Gr\u00e2ce \u00e0 cet outil, il est possible de g\u00e9n\u00e9rer diff\u00e9rents types d'exercices math\u00e9matiques adapt\u00e9s aux besoins des dyscalculiques, tels que des probl\u00e8mes de calcul, des exercices de num\u00e9ration ou des exercices de g\u00e9om\u00e9trie. Il s'agit d'une ressource pr\u00e9cieuse pour les enseignants, les parents et les \u00e9l\u00e8ves dyscalculiques, leur permettant de travailler les math\u00e9matiques de mani\u00e8re adapt\u00e9e et personnalis\u00e9e. N'h\u00e9sitez pas \u00e0 essayer ce g\u00e9n\u00e9rateur d'exercices aujourd'hui et offrez aux dyscalculiques une approche p\u00e9dagogique adapt\u00e9e \u00e0 leurs besoins.\r\n\r\n[button link=\"https:\/\/exos.education\/fr\/creez-vos-propres-exercices-educatifs-imprimable-avec-notre-generateur\/\"] \ud83e\uddeeCr\u00e9ez des exercices adapt\u00e9s aux dyscalculiques, imprimables et gratuits. Essayez-le aujourd'hui!\ud83d\udca1[\/button]","_et_gb_content_width":"","footnotes":""},"class_list":["post-159","page","type-page","status-publish","hentry"],"_links":{"self":[{"href":"https:\/\/exos.education\/fr\/wp-json\/wp\/v2\/pages\/159","targetHints":{"allow":["GET"]}}],"collection":[{"href":"https:\/\/exos.education\/fr\/wp-json\/wp\/v2\/pages"}],"about":[{"href":"https:\/\/exos.education\/fr\/wp-json\/wp\/v2\/types\/page"}],"author":[{"embeddable":true,"href":"https:\/\/exos.education\/fr\/wp-json\/wp\/v2\/users\/5"}],"replies":[{"embeddable":true,"href":"https:\/\/exos.education\/fr\/wp-json\/wp\/v2\/comments?post=159"}],"version-history":[{"count":4,"href":"https:\/\/exos.education\/fr\/wp-json\/wp\/v2\/pages\/159\/revisions"}],"predecessor-version":[{"id":9434,"href":"https:\/\/exos.education\/fr\/wp-json\/wp\/v2\/pages\/159\/revisions\/9434"}],"up":[{"embeddable":true,"href":"https:\/\/exos.education\/fr\/wp-json\/wp\/v2\/pages\/40"}],"wp:attachment":[{"href":"https:\/\/exos.education\/fr\/wp-json\/wp\/v2\/media?parent=159"}],"curies":[{"name":"wp","href":"https:\/\/api.w.org\/{rel}","templated":true}]}}