{"id":172,"date":"2023-08-04T16:14:09","date_gmt":"2023-08-04T16:14:09","guid":{"rendered":"https:\/\/exos.education\/fr\/?page_id=172"},"modified":"2023-09-28T14:30:19","modified_gmt":"2023-09-28T13:30:19","slug":"precoces","status":"publish","type":"page","link":"https:\/\/exos.education\/fr\/generateur-dexercices-pedagogiques-en-ligne-et-gratuits\/precoces\/","title":{"rendered":"Cr\u00e9ez Vos Propres Exercices \u00c9ducatifs pour \u00e9l\u00e8ves Pr\u00e9coces"},"content":{"rendered":"<p>[et_pb_section fb_built=\u00a0\u00bb1&Prime; _builder_version=\u00a0\u00bb4.16&Prime; global_colors_info=\u00a0\u00bb{}\u00a0\u00bb][et_pb_row _builder_version=\u00a0\u00bb4.16&Prime; background_size=\u00a0\u00bbinitial\u00a0\u00bb background_position=\u00a0\u00bbtop_left\u00a0\u00bb background_repeat=\u00a0\u00bbrepeat\u00a0\u00bb global_colors_info=\u00a0\u00bb{}\u00a0\u00bb][et_pb_column type=\u00a0\u00bb4_4&Prime; _builder_version=\u00a0\u00bb4.16&Prime; custom_padding=\u00a0\u00bb|||\u00a0\u00bb global_colors_info=\u00a0\u00bb{}\u00a0\u00bb custom_padding__hover=\u00a0\u00bb|||\u00a0\u00bb][et_pb_text _builder_version=\u00a0\u00bb4.22.1&Prime; background_size=\u00a0\u00bbinitial\u00a0\u00bb background_position=\u00a0\u00bbtop_left\u00a0\u00bb background_repeat=\u00a0\u00bbrepeat\u00a0\u00bb global_colors_info=\u00a0\u00bb{}\u00a0\u00bb]<\/p>\n<p>Le g\u00e9n\u00e9rateur d&rsquo;exercices p\u00e9dagogiques adapt\u00e9 \u00e0 Pr\u00e9coces imprimables Gratuit est un outil en ligne qui permet de cr\u00e9er facilement des exercices \u00e9ducatifs sp\u00e9cialement con\u00e7us pour les enfants pr\u00e9coces. Cet outil offre une vari\u00e9t\u00e9 d&rsquo;options et de ressources pour personnaliser les exercices en fonction des besoins sp\u00e9cifiques de chaque enfant. Les exercices g\u00e9n\u00e9r\u00e9s sont ensuite t\u00e9l\u00e9chargeables et imprimables, ce qui permet aux enseignants, aux parents et aux \u00e9ducateurs de les utiliser facilement dans le cadre de l&rsquo;\u00e9ducation des enfants pr\u00e9coces. Cet outil offre ainsi une solution pratique et gratuite pour soutenir le d\u00e9veloppement et l&rsquo;apprentissage des enfants pr\u00e9coces d\u00e8s aujourd&rsquo;hui.<\/p>\n<p>[\/et_pb_text][et_pb_code _builder_version=\u00a0\u00bb4.22.2&Prime; _module_preset=\u00a0\u00bbdefault\u00a0\u00bb global_colors_info=\u00a0\u00bb{}\u00a0\u00bb]<script type=\"text\/javascript\"><!-- [et_pb_line_break_holder] -->    document.addEventListener('DOMContentLoaded', function() {<!-- [et_pb_line_break_holder] -->        var selectElement3 = document.getElementById('wpaicg-form-field-7');<!-- [et_pb_line_break_holder] -->      if (selectElement3) {<!-- [et_pb_line_break_holder] -->            selectElement3.value = '\u00e9l\u00e8ves Pr\u00e9coces';<!-- [et_pb_line_break_holder] -->        }<!-- [et_pb_line_break_holder] -->    });<!-- [et_pb_line_break_holder] --><\/script>[\/et_pb_code][\/et_pb_column][\/et_pb_row][\/et_pb_section]<\/p>\n","protected":false},"excerpt":{"rendered":"<p>Le g\u00e9n\u00e9rateur d&rsquo;exercices p\u00e9dagogiques adapt\u00e9 \u00e0 Pr\u00e9coces imprimables Gratuit est un outil en ligne qui permet de cr\u00e9er facilement des exercices \u00e9ducatifs sp\u00e9cialement con\u00e7us pour les enfants pr\u00e9coces. Cet outil offre une vari\u00e9t\u00e9 d&rsquo;options et de ressources pour personnaliser les exercices en fonction des besoins sp\u00e9cifiques de chaque enfant. Les exercices g\u00e9n\u00e9r\u00e9s sont ensuite t\u00e9l\u00e9chargeables [&hellip;]<\/p>\n","protected":false},"author":5,"featured_media":0,"parent":40,"menu_order":0,"comment_status":"closed","ping_status":"closed","template":"","meta":{"_seopress_robots_primary_cat":"","_seopress_titles_title":"G\u00e9n\u00e9rateur d&#039;exercices en ligne Pr\u00e9coces imprimables","_seopress_titles_desc":"\ud83d\ude80G\u00e9n\u00e9rez des exercices adapt\u00e9s aux pr\u00e9coces, imprimables et gratuits. Commencez aujourd&#039;hui!\ud83c\udf1f\t","_seopress_robots_index":"","_et_pb_use_builder":"on","_et_pb_old_content":"<p>Le g\u00e9n\u00e9rateur d'exercices p\u00e9dagogiques adapt\u00e9 \u00e0 Pr\u00e9coces imprimables Gratuit est un outil en ligne qui permet de cr\u00e9er facilement des exercices \u00e9ducatifs sp\u00e9cialement con\u00e7us pour les enfants pr\u00e9coces. Cet outil offre une vari\u00e9t\u00e9 d'options et de ressources pour personnaliser les exercices en fonction des besoins sp\u00e9cifiques de chaque enfant. Les exercices g\u00e9n\u00e9r\u00e9s sont ensuite t\u00e9l\u00e9chargeables et imprimables, ce qui permet aux enseignants, aux parents et aux \u00e9ducateurs de les utiliser facilement dans le cadre de l'\u00e9ducation des enfants pr\u00e9coces. Cet outil offre ainsi une solution pratique et gratuite pour soutenir le d\u00e9veloppement et l'apprentissage des enfants pr\u00e9coces d\u00e8s aujourd'hui.<\/p><p>[button link=\"https:\/\/exos.education\/fr\/creez-vos-propres-exercices-educatifs-imprimable-avec-notre-generateur\/\"] \ud83d\ude80G\u00e9n\u00e9rez des exercices adapt\u00e9s aux pr\u00e9coces, imprimables et gratuits. Commencez aujourd'hui!\ud83c\udf1f[\/button]<\/p>","_et_gb_content_width":"","footnotes":""},"class_list":["post-172","page","type-page","status-publish","hentry"],"_links":{"self":[{"href":"https:\/\/exos.education\/fr\/wp-json\/wp\/v2\/pages\/172","targetHints":{"allow":["GET"]}}],"collection":[{"href":"https:\/\/exos.education\/fr\/wp-json\/wp\/v2\/pages"}],"about":[{"href":"https:\/\/exos.education\/fr\/wp-json\/wp\/v2\/types\/page"}],"author":[{"embeddable":true,"href":"https:\/\/exos.education\/fr\/wp-json\/wp\/v2\/users\/5"}],"replies":[{"embeddable":true,"href":"https:\/\/exos.education\/fr\/wp-json\/wp\/v2\/comments?post=172"}],"version-history":[{"count":6,"href":"https:\/\/exos.education\/fr\/wp-json\/wp\/v2\/pages\/172\/revisions"}],"predecessor-version":[{"id":9416,"href":"https:\/\/exos.education\/fr\/wp-json\/wp\/v2\/pages\/172\/revisions\/9416"}],"up":[{"embeddable":true,"href":"https:\/\/exos.education\/fr\/wp-json\/wp\/v2\/pages\/40"}],"wp:attachment":[{"href":"https:\/\/exos.education\/fr\/wp-json\/wp\/v2\/media?parent=172"}],"curies":[{"name":"wp","href":"https:\/\/api.w.org\/{rel}","templated":true}]}}