{"id":176,"date":"2023-08-04T16:14:51","date_gmt":"2023-08-04T16:14:51","guid":{"rendered":"https:\/\/exos.education\/fr\/?page_id=176"},"modified":"2023-09-28T14:30:35","modified_gmt":"2023-09-28T13:30:35","slug":"phobie-scolaire","status":"publish","type":"page","link":"https:\/\/exos.education\/fr\/generateur-dexercices-pedagogiques-en-ligne-et-gratuits\/phobie-scolaire\/","title":{"rendered":"Cr\u00e9ez Vos Propres Exercices \u00c9ducatifs pour \u00e9l\u00e8ves en Phobie scolaire"},"content":{"rendered":"<p>[et_pb_section fb_built=\u00a0\u00bb1&Prime; _builder_version=\u00a0\u00bb4.16&Prime; global_colors_info=\u00a0\u00bb{}\u00a0\u00bb][et_pb_row _builder_version=\u00a0\u00bb4.16&Prime; background_size=\u00a0\u00bbinitial\u00a0\u00bb background_position=\u00a0\u00bbtop_left\u00a0\u00bb background_repeat=\u00a0\u00bbrepeat\u00a0\u00bb global_colors_info=\u00a0\u00bb{}\u00a0\u00bb][et_pb_column type=\u00a0\u00bb4_4&Prime; _builder_version=\u00a0\u00bb4.16&Prime; custom_padding=\u00a0\u00bb|||\u00a0\u00bb global_colors_info=\u00a0\u00bb{}\u00a0\u00bb custom_padding__hover=\u00a0\u00bb|||\u00a0\u00bb][et_pb_text _builder_version=\u00a0\u00bb4.21.0&Prime; background_size=\u00a0\u00bbinitial\u00a0\u00bb background_position=\u00a0\u00bbtop_left\u00a0\u00bb background_repeat=\u00a0\u00bbrepeat\u00a0\u00bb global_colors_info=\u00a0\u00bb{}\u00a0\u00bb]Le g\u00e9n\u00e9rateur d&rsquo;exercices p\u00e9dagogiques adapt\u00e9 \u00e0 la phobie scolaire est un outil en ligne qui permet de cr\u00e9er des exercices personnalis\u00e9s pour les \u00e9l\u00e8ves souffrant de phobie scolaire. Ces exercices sont con\u00e7us pour \u00eatre imprimables et gratuits, afin de faciliter l&rsquo;apprentissage \u00e0 domicile. Avec cet outil, les enseignants peuvent concevoir des exercices adapt\u00e9s aux besoins sp\u00e9cifiques des \u00e9l\u00e8ves, en tenant compte de leurs peurs et de leurs angoisses li\u00e9es \u00e0 l&rsquo;\u00e9cole. Il offre une alternative flexible et rassurante pour les \u00e9l\u00e8ves ayant des difficult\u00e9s \u00e0 se rendre en classe. N&rsquo;h\u00e9sitez pas \u00e0 essayer d\u00e8s maintenant ce g\u00e9n\u00e9rateur d&rsquo;exercices pour soutenir les enfants souffrant de phobie scolaire.[\/et_pb_text][et_pb_code _builder_version=\u00a0\u00bb4.22.2&Prime; _module_preset=\u00a0\u00bbdefault\u00a0\u00bb global_colors_info=\u00a0\u00bb{}\u00a0\u00bb]<script type=\"text\/javascript\"><!-- [et_pb_line_break_holder] -->    document.addEventListener('DOMContentLoaded', function() {<!-- [et_pb_line_break_holder] -->        var selectElement3 = document.getElementById('wpaicg-form-field-7');<!-- [et_pb_line_break_holder] -->      if (selectElement3) {<!-- [et_pb_line_break_holder] -->            selectElement3.value = '\u00e9l\u00e8ves Phobie scolaire';<!-- [et_pb_line_break_holder] -->        }<!-- [et_pb_line_break_holder] -->    });<!-- [et_pb_line_break_holder] --><\/script>[\/et_pb_code][\/et_pb_column][\/et_pb_row][\/et_pb_section]<\/p>\n","protected":false},"excerpt":{"rendered":"<p>Le g\u00e9n\u00e9rateur d&rsquo;exercices p\u00e9dagogiques adapt\u00e9 \u00e0 la phobie scolaire est un outil en ligne qui permet de cr\u00e9er des exercices personnalis\u00e9s pour les \u00e9l\u00e8ves souffrant de phobie scolaire. Ces exercices sont con\u00e7us pour \u00eatre imprimables et gratuits, afin de faciliter l&rsquo;apprentissage \u00e0 domicile. Avec cet outil, les enseignants peuvent concevoir des exercices adapt\u00e9s aux besoins [&hellip;]<\/p>\n","protected":false},"author":5,"featured_media":0,"parent":40,"menu_order":0,"comment_status":"closed","ping_status":"closed","template":"","meta":{"_seopress_robots_primary_cat":"","_seopress_titles_title":"G\u00e9n\u00e9rateur d&#039;exercices en ligne Phobie scolaire imprimables","_seopress_titles_desc":"\ud83d\ude30Cr\u00e9ez des exercices adapt\u00e9s \u00e0 la phobie scolaire, imprimables et gratuits. Essayez-le d\u00e8s maintenant!\ud83d\udcaa\t","_seopress_robots_index":"","_et_pb_use_builder":"on","_et_pb_old_content":"Le g\u00e9n\u00e9rateur d'exercices p\u00e9dagogiques adapt\u00e9 \u00e0 la phobie scolaire est un outil en ligne qui permet de cr\u00e9er des exercices personnalis\u00e9s pour les \u00e9l\u00e8ves souffrant de phobie scolaire. Ces exercices sont con\u00e7us pour \u00eatre imprimables et gratuits, afin de faciliter l'apprentissage \u00e0 domicile. Avec cet outil, les enseignants peuvent concevoir des exercices adapt\u00e9s aux besoins sp\u00e9cifiques des \u00e9l\u00e8ves, en tenant compte de leurs peurs et de leurs angoisses li\u00e9es \u00e0 l'\u00e9cole. Il offre une alternative flexible et rassurante pour les \u00e9l\u00e8ves ayant des difficult\u00e9s \u00e0 se rendre en classe. N'h\u00e9sitez pas \u00e0 essayer d\u00e8s maintenant ce g\u00e9n\u00e9rateur d'exercices pour soutenir les enfants souffrant de phobie scolaire.\r\n\r\n[button link=\"https:\/\/exos.education\/fr\/creez-vos-propres-exercices-educatifs-imprimable-avec-notre-generateur\/\"] \ud83d\ude30Cr\u00e9ez des exercices adapt\u00e9s \u00e0 la phobie scolaire, imprimables et gratuits. Essayez-le d\u00e8s maintenant!\ud83d\udcaa[\/button]","_et_gb_content_width":"","footnotes":""},"class_list":["post-176","page","type-page","status-publish","hentry"],"_links":{"self":[{"href":"https:\/\/exos.education\/fr\/wp-json\/wp\/v2\/pages\/176","targetHints":{"allow":["GET"]}}],"collection":[{"href":"https:\/\/exos.education\/fr\/wp-json\/wp\/v2\/pages"}],"about":[{"href":"https:\/\/exos.education\/fr\/wp-json\/wp\/v2\/types\/page"}],"author":[{"embeddable":true,"href":"https:\/\/exos.education\/fr\/wp-json\/wp\/v2\/users\/5"}],"replies":[{"embeddable":true,"href":"https:\/\/exos.education\/fr\/wp-json\/wp\/v2\/comments?post=176"}],"version-history":[{"count":4,"href":"https:\/\/exos.education\/fr\/wp-json\/wp\/v2\/pages\/176\/revisions"}],"predecessor-version":[{"id":9425,"href":"https:\/\/exos.education\/fr\/wp-json\/wp\/v2\/pages\/176\/revisions\/9425"}],"up":[{"embeddable":true,"href":"https:\/\/exos.education\/fr\/wp-json\/wp\/v2\/pages\/40"}],"wp:attachment":[{"href":"https:\/\/exos.education\/fr\/wp-json\/wp\/v2\/media?parent=176"}],"curies":[{"name":"wp","href":"https:\/\/api.w.org\/{rel}","templated":true}]}}