{"id":189,"date":"2023-08-04T22:44:13","date_gmt":"2023-08-04T22:44:13","guid":{"rendered":"https:\/\/exos.education\/fr\/?page_id=189"},"modified":"2023-09-28T14:33:46","modified_gmt":"2023-09-28T13:33:46","slug":"art","status":"publish","type":"page","link":"https:\/\/exos.education\/fr\/generateur-dexercices-pedagogiques-en-ligne-et-gratuits\/art\/","title":{"rendered":"Cr\u00e9ez Vos Propres Exercices \u00c9ducatifs en Art"},"content":{"rendered":"<p>[et_pb_section fb_built=\u00a0\u00bb1&Prime; _builder_version=\u00a0\u00bb4.16&Prime; global_colors_info=\u00a0\u00bb{}\u00a0\u00bb][et_pb_row _builder_version=\u00a0\u00bb4.16&Prime; background_size=\u00a0\u00bbinitial\u00a0\u00bb background_position=\u00a0\u00bbtop_left\u00a0\u00bb background_repeat=\u00a0\u00bbrepeat\u00a0\u00bb global_colors_info=\u00a0\u00bb{}\u00a0\u00bb][et_pb_column type=\u00a0\u00bb4_4&Prime; _builder_version=\u00a0\u00bb4.16&Prime; custom_padding=\u00a0\u00bb|||\u00a0\u00bb global_colors_info=\u00a0\u00bb{}\u00a0\u00bb custom_padding__hover=\u00a0\u00bb|||\u00a0\u00bb][et_pb_text _builder_version=\u00a0\u00bb4.21.0&Prime; background_size=\u00a0\u00bbinitial\u00a0\u00bb background_position=\u00a0\u00bbtop_left\u00a0\u00bb background_repeat=\u00a0\u00bbrepeat\u00a0\u00bb global_colors_info=\u00a0\u00bb{}\u00a0\u00bb]Notre g\u00e9n\u00e9rateur d&rsquo;exercices p\u00e9dagogiques en ligne Art imprimables Gratuit permet aux enseignants et aux parents de cr\u00e9er facilement des exercices d&rsquo;art personnalis\u00e9s pour leurs \u00e9l\u00e8ves ou enfants. Que ce soit pour d\u00e9velopper leurs comp\u00e9tences en dessin, en peinture ou en sculpture, notre g\u00e9n\u00e9rateur offre une vari\u00e9t\u00e9 d&rsquo;options pour cr\u00e9er des exercices adapt\u00e9s \u00e0 chaque niveau de comp\u00e9tence. De plus, tous les exercices cr\u00e9\u00e9s peuvent \u00eatre imprim\u00e9s gratuitement, ce qui facilite leur utilisation \u00e0 la maison ou en classe. Alors n&rsquo;attendez plus et commencez d\u00e8s maintenant \u00e0 utiliser notre g\u00e9n\u00e9rateur pour offrir \u00e0 vos \u00e9l\u00e8ves ou enfants une exp\u00e9rience d&rsquo;apprentissage artistique amusante et enrichissante.[\/et_pb_text][et_pb_code _builder_version=\u00a0\u00bb4.22.2&Prime; _module_preset=\u00a0\u00bbdefault\u00a0\u00bb global_colors_info=\u00a0\u00bb{}\u00a0\u00bb]<\/script><!-- [et_pb_line_break_holder] --><script type=\"text\/javascript\"><!-- [et_pb_line_break_holder] -->    document.addEventListener('DOMContentLoaded', function() {<!-- [et_pb_line_break_holder] -->        var selectElement = document.getElementById('wpaicg-form-field-0');<!-- [et_pb_line_break_holder] -->        if (selectElement) {<!-- [et_pb_line_break_holder] -->            selectElement.value = 'Art';<!-- [et_pb_line_break_holder] -->        }<!-- [et_pb_line_break_holder] -->    });<!-- [et_pb_line_break_holder] --><\/script>[\/et_pb_code][\/et_pb_column][\/et_pb_row][\/et_pb_section]<\/p>\n","protected":false},"excerpt":{"rendered":"<p>Notre g\u00e9n\u00e9rateur d&rsquo;exercices p\u00e9dagogiques en ligne Art imprimables Gratuit permet aux enseignants et aux parents de cr\u00e9er facilement des exercices d&rsquo;art personnalis\u00e9s pour leurs \u00e9l\u00e8ves ou enfants. Que ce soit pour d\u00e9velopper leurs comp\u00e9tences en dessin, en peinture ou en sculpture, notre g\u00e9n\u00e9rateur offre une vari\u00e9t\u00e9 d&rsquo;options pour cr\u00e9er des exercices adapt\u00e9s \u00e0 chaque niveau [&hellip;]<\/p>\n","protected":false},"author":5,"featured_media":0,"parent":40,"menu_order":0,"comment_status":"closed","ping_status":"closed","template":"","meta":{"_seopress_robots_primary_cat":"","_seopress_titles_title":"G\u00e9n\u00e9rateur d&#039;exercices en ligne en Art imprimables","_seopress_titles_desc":"\ud83c\udfa8Utilisez notre g\u00e9n\u00e9rateur pour cr\u00e9er des exercices d&#039;art personnalis\u00e9s, imprimables et gratuits. Commencez maintenant!\ud83d\udd8c\ufe0f\t","_seopress_robots_index":"","_et_pb_use_builder":"on","_et_pb_old_content":"Notre g\u00e9n\u00e9rateur d'exercices p\u00e9dagogiques en ligne Art imprimables Gratuit permet aux enseignants et aux parents de cr\u00e9er facilement des exercices d'art personnalis\u00e9s pour leurs \u00e9l\u00e8ves ou enfants. Que ce soit pour d\u00e9velopper leurs comp\u00e9tences en dessin, en peinture ou en sculpture, notre g\u00e9n\u00e9rateur offre une vari\u00e9t\u00e9 d'options pour cr\u00e9er des exercices adapt\u00e9s \u00e0 chaque niveau de comp\u00e9tence. De plus, tous les exercices cr\u00e9\u00e9s peuvent \u00eatre imprim\u00e9s gratuitement, ce qui facilite leur utilisation \u00e0 la maison ou en classe. Alors n'attendez plus et commencez d\u00e8s maintenant \u00e0 utiliser notre g\u00e9n\u00e9rateur pour offrir \u00e0 vos \u00e9l\u00e8ves ou enfants une exp\u00e9rience d'apprentissage artistique amusante et enrichissante.\r\n\r\n[button link=\"https:\/\/exos.education\/fr\/creez-vos-propres-exercices-educatifs-imprimable-avec-notre-generateur\/\"] \ud83c\udfa8Utilisez notre g\u00e9n\u00e9rateur pour cr\u00e9er des exercices d'art personnalis\u00e9s, imprimables et gratuits. Commencez maintenant!\ud83d\udd8c\ufe0f [\/button]","_et_gb_content_width":"","footnotes":""},"class_list":["post-189","page","type-page","status-publish","hentry"],"_links":{"self":[{"href":"https:\/\/exos.education\/fr\/wp-json\/wp\/v2\/pages\/189","targetHints":{"allow":["GET"]}}],"collection":[{"href":"https:\/\/exos.education\/fr\/wp-json\/wp\/v2\/pages"}],"about":[{"href":"https:\/\/exos.education\/fr\/wp-json\/wp\/v2\/types\/page"}],"author":[{"embeddable":true,"href":"https:\/\/exos.education\/fr\/wp-json\/wp\/v2\/users\/5"}],"replies":[{"embeddable":true,"href":"https:\/\/exos.education\/fr\/wp-json\/wp\/v2\/comments?post=189"}],"version-history":[{"count":4,"href":"https:\/\/exos.education\/fr\/wp-json\/wp\/v2\/pages\/189\/revisions"}],"predecessor-version":[{"id":9470,"href":"https:\/\/exos.education\/fr\/wp-json\/wp\/v2\/pages\/189\/revisions\/9470"}],"up":[{"embeddable":true,"href":"https:\/\/exos.education\/fr\/wp-json\/wp\/v2\/pages\/40"}],"wp:attachment":[{"href":"https:\/\/exos.education\/fr\/wp-json\/wp\/v2\/media?parent=189"}],"curies":[{"name":"wp","href":"https:\/\/api.w.org\/{rel}","templated":true}]}}