{"id":40,"date":"2023-08-04T14:17:10","date_gmt":"2023-08-04T14:17:10","guid":{"rendered":"https:\/\/exos.education\/fr\/?page_id=40"},"modified":"2023-09-28T10:10:27","modified_gmt":"2023-09-28T09:10:27","slug":"generateur-dexercices-pedagogiques-en-ligne-et-gratuits","status":"publish","type":"page","link":"https:\/\/exos.education\/fr\/generateur-dexercices-pedagogiques-en-ligne-et-gratuits\/","title":{"rendered":"Cr\u00e9ez Vos Propres Exercices \u00c9ducatifs Imprimables avec Notre G\u00e9n\u00e9rateur"},"content":{"rendered":"<p>[et_pb_section fb_built=\u00a0\u00bb1&Prime; admin_label=\u00a0\u00bbsection\u00a0\u00bb _builder_version=\u00a0\u00bb4.16&Prime; global_colors_info=\u00a0\u00bb{}\u00a0\u00bb][et_pb_row admin_label=\u00a0\u00bbrow\u00a0\u00bb _builder_version=\u00a0\u00bb4.16&Prime; background_size=\u00a0\u00bbinitial\u00a0\u00bb background_position=\u00a0\u00bbtop_left\u00a0\u00bb background_repeat=\u00a0\u00bbrepeat\u00a0\u00bb global_colors_info=\u00a0\u00bb{}\u00a0\u00bb][et_pb_column type=\u00a0\u00bb4_4&Prime; _builder_version=\u00a0\u00bb4.16&Prime; custom_padding=\u00a0\u00bb|||\u00a0\u00bb global_colors_info=\u00a0\u00bb{}\u00a0\u00bb custom_padding__hover=\u00a0\u00bb|||\u00a0\u00bb][et_pb_text admin_label=\u00a0\u00bbText\u00a0\u00bb _builder_version=\u00a0\u00bb4.16&Prime; background_size=\u00a0\u00bbinitial\u00a0\u00bb background_position=\u00a0\u00bbtop_left\u00a0\u00bb background_repeat=\u00a0\u00bbrepeat\u00a0\u00bb global_colors_info=\u00a0\u00bb{}\u00a0\u00bb][wpaicg_form id=31 settings=no custom=yes]<\/p>\n<p>Le <strong>g\u00e9n\u00e9rateur d&rsquo;exercices p\u00e9dagogiques<\/strong> est un outil <strong>gratuit<\/strong> et sans inscription qui permet de cr\u00e9er des <strong>exercices personnalis\u00e9s<\/strong> dans diff\u00e9rentes mati\u00e8res telles que les <strong>math\u00e9matiques<\/strong>, les <strong>sciences<\/strong>, <strong>l&rsquo;histoire<\/strong>, la <strong>g\u00e9ographie<\/strong>, les <strong>langues<\/strong>, la <strong>litt\u00e9rature<\/strong> et <strong>l&rsquo;art<\/strong>. Il suffit de s\u00e9lectionner les ressources d\u00e9sir\u00e9es, de remplir chaque item en fonction de vos besoins, puis de cliquer sur \u00ab\u00a0G\u00e9n\u00e9rer\u00a0\u00bb pour obtenir un exercice complet correspondant \u00e0 votre demande en quelques secondes.<\/p>\n<p>Il est \u00e9galement possible de <strong>modifier<\/strong> l&rsquo;exercice en ligne et de le <strong>t\u00e9l\u00e9charger<\/strong>. Cet outil est en phase de test et conception, donc <strong>vos retours d&rsquo;exp\u00e9riences sont les bienvenus<\/strong>. Vous pouvez choisir le niveau scolaire de l&rsquo;\u00e9l\u00e8ve, le type d&rsquo;exercice (<strong>QCM, questions ouvertes, probl\u00e8mes, exercices \u00e0 trous<\/strong>), le sujet de l&rsquo;exercice (par exemple les fractions, le pr\u00e9t\u00e9rit, la Seconde Guerre mondiale), le niveau de difficult\u00e9, la dur\u00e9e de l&rsquo;exercice et <strong>l&rsquo;accessibilit\u00e9<\/strong> pour diff\u00e9rents types d&rsquo;\u00e9l\u00e8ves ayant des besoins sp\u00e9cifiques.<\/p>\n<p>Vous pouvez \u00e9galement <strong>personnaliser<\/strong> <strong>l&rsquo;exercice<\/strong> en indiquant des <strong>instructions<\/strong> <strong>sp\u00e9cifiques<\/strong> pour le professeur ou en choisissant le nombre d&rsquo;exercices souhait\u00e9s.<\/p>\n<p><a href='https:\/\/exos.education\/fr\/category\/bibliotheque-dexercices-pedagogiques-personnalises-imprimables\/' class='small-button smallblue'>Consulter aussi toute notre biblioth\u00e8que d&rsquo;exercices p\u00e9dagogiques imprimables et gratuits<\/a>[\/et_pb_text][et_pb_text _builder_version=\u00a0\u00bb4.22.2&Prime; _module_preset=\u00a0\u00bbdefault\u00a0\u00bb hover_enabled=\u00a0\u00bb0&Prime; global_colors_info=\u00a0\u00bb{}\u00a0\u00bb sticky_enabled=\u00a0\u00bb0&Prime;]<\/p>\n<h2>Nos autres g\u00e9n\u00e9rateurs d&rsquo;exercices p\u00e9dagogiques, par mati\u00e8res, niveaux scolaire ou accessibilit\u00e9s.<\/h2>\n<p>&nbsp;<\/p>\n<table style=\"width: 100%; border-collapse: collapse; border-color: #000000;\" border=\"1\">\n<tbody>\n<tr>\n<td style=\"width: 33.3333%;\"><strong>Mati\u00e8re<\/strong><\/td>\n<td style=\"width: 33.3333%;\"><strong>Niveau Scolaire<\/strong><\/td>\n<td style=\"width: 33.3333%;\"><strong>Accessibilit\u00e9\u00a0<\/strong><\/td>\n<\/tr>\n<tr>\n<td style=\"width: 33.3333%;\"><a href=\"https:\/\/exos.education\/fr\/generateur-dexercices-pedagogiques-en-ligne-et-gratuits\/art\/\" target=\"_new\" rel=\"noopener\">Art<\/a><\/td>\n<td style=\"width: 33.3333%;\"><a href=\"https:\/\/exos.education\/fr\/generateur-dexercices-pedagogiques-en-ligne-et-gratuits\/cp\/\" target=\"_new\" rel=\"noopener\">CP<\/a><\/td>\n<td style=\"width: 33.3333%;\"><a href=\"https:\/\/exos.education\/fr\/generateur-dexercices-pedagogiques-en-ligne-et-gratuits\/malvoyants\/\" target=\"_new\" rel=\"noopener\">Malvoyants<\/a><\/td>\n<\/tr>\n<tr>\n<td style=\"width: 33.3333%;\"><a href=\"https:\/\/exos.education\/fr\/generateur-dexercices-pedagogiques-en-ligne-et-gratuits\/sciences\/\" target=\"_new\" rel=\"noopener\">Sciences<\/a><\/td>\n<td style=\"width: 33.3333%;\"><a href=\"https:\/\/exos.education\/fr\/generateur-dexercices-pedagogiques-en-ligne-et-gratuits\/ce1\/\" target=\"_new\" rel=\"noopener\">CE1<\/a><\/td>\n<td style=\"width: 33.3333%;\"><a href=\"https:\/\/exos.education\/fr\/generateur-dexercices-pedagogiques-en-ligne-et-gratuits\/malentendants\/\" target=\"_new\" rel=\"noopener\">Malentendants<\/a><\/td>\n<\/tr>\n<tr>\n<td style=\"width: 33.3333%;\"><a href=\"https:\/\/exos.education\/fr\/generateur-dexercices-pedagogiques-en-ligne-et-gratuits\/mathematiques\/\" target=\"_new\" rel=\"noopener\">Math\u00e9matiques<\/a><\/td>\n<td style=\"width: 33.3333%;\"><a href=\"https:\/\/exos.education\/fr\/generateur-dexercices-pedagogiques-en-ligne-et-gratuits\/ce2\/\" target=\"_new\" rel=\"noopener\">CE2<\/a><\/td>\n<td style=\"width: 33.3333%;\"><a href=\"https:\/\/exos.education\/fr\/generateur-dexercices-pedagogiques-en-ligne-et-gratuits\/dyspraxiques\/\" target=\"_new\" rel=\"noopener\">Dyspraxiques<\/a><\/td>\n<\/tr>\n<tr>\n<td style=\"width: 33.3333%;\"><a href=\"https:\/\/exos.education\/fr\/generateur-dexercices-pedagogiques-en-ligne-et-gratuits\/litterature\/\" target=\"_new\" rel=\"noopener\">Litt\u00e9rature<\/a><\/td>\n<td style=\"width: 33.3333%;\"><a href=\"https:\/\/exos.education\/fr\/generateur-dexercices-pedagogiques-en-ligne-et-gratuits\/cm1\/\" target=\"_new\" rel=\"noopener\">CM1<\/a><\/td>\n<td style=\"width: 33.3333%;\"><a href=\"https:\/\/exos.education\/fr\/generateur-dexercices-pedagogiques-en-ligne-et-gratuits\/dysorthographiques\/\" target=\"_new\" rel=\"noopener\">Dysorthographiques<\/a><\/td>\n<\/tr>\n<tr>\n<td style=\"width: 33.3333%;\"><a href=\"https:\/\/exos.education\/fr\/generateur-dexercices-pedagogiques-en-ligne-et-gratuits\/langues\/\" target=\"_new\" rel=\"noopener\">Langues<\/a><\/td>\n<td style=\"width: 33.3333%;\"><a href=\"https:\/\/exos.education\/fr\/generateur-dexercices-pedagogiques-en-ligne-et-gratuits\/cm2\/\" target=\"_new\" rel=\"noopener\">CM2<\/a><\/td>\n<td style=\"width: 33.3333%;\"><a href=\"https:\/\/exos.education\/fr\/generateur-dexercices-pedagogiques-en-ligne-et-gratuits\/dyslexiques\/\" target=\"_new\" rel=\"noopener\">Dyslexiques<\/a><\/td>\n<\/tr>\n<tr>\n<td style=\"width: 33.3333%;\"><a href=\"https:\/\/exos.education\/fr\/generateur-dexercices-pedagogiques-en-ligne-et-gratuits\/geographie\/\" target=\"_new\" rel=\"noopener\">G\u00e9ographie<\/a><\/td>\n<td style=\"width: 33.3333%;\"><a href=\"https:\/\/exos.education\/fr\/generateur-dexercices-pedagogiques-en-ligne-et-gratuits\/6eme\/\" target=\"_new\" rel=\"noopener\">6\u00e8me<\/a><\/td>\n<td style=\"width: 33.3333%;\"><a href=\"https:\/\/exos.education\/fr\/generateur-dexercices-pedagogiques-en-ligne-et-gratuits\/dysgraphiques\/\" target=\"_new\" rel=\"noopener\">Dysgraphiques<\/a><\/td>\n<\/tr>\n<tr>\n<td style=\"width: 33.3333%;\"><a href=\"https:\/\/exos.education\/fr\/generateur-dexercices-pedagogiques-en-ligne-et-gratuits\/histoire\/\" target=\"_new\" rel=\"noopener\">Histoire<\/a><\/td>\n<td style=\"width: 33.3333%;\"><a href=\"https:\/\/exos.education\/fr\/generateur-dexercices-pedagogiques-en-ligne-et-gratuits\/5eme\/\" target=\"_new\" rel=\"noopener\">5\u00e8me<\/a><\/td>\n<td style=\"width: 33.3333%;\"><a href=\"https:\/\/exos.education\/fr\/generateur-dexercices-pedagogiques-en-ligne-et-gratuits\/phobie-scolaire\/\" target=\"_new\" rel=\"noopener\">Phobie scolaire<\/a><\/td>\n<\/tr>\n<tr>\n<td style=\"width: 33.3333%;\">\u00a0<\/td>\n<td style=\"width: 33.3333%;\"><a href=\"https:\/\/exos.education\/fr\/generateur-dexercices-pedagogiques-en-ligne-et-gratuits\/4eme\/\" target=\"_new\" rel=\"noopener\">4\u00e8me<\/a><\/td>\n<td style=\"width: 33.3333%;\"><a href=\"https:\/\/exos.education\/fr\/generateur-dexercices-pedagogiques-en-ligne-et-gratuits\/tdah\/\" target=\"_new\" rel=\"noopener\">TDAH<\/a><\/td>\n<\/tr>\n<tr>\n<td style=\"width: 33.3333%;\">\u00a0<\/td>\n<td style=\"width: 33.3333%;\"><a href=\"https:\/\/exos.education\/fr\/generateur-dexercices-pedagogiques-en-ligne-et-gratuits\/3eme\/\" target=\"_new\" rel=\"noopener\">3\u00e8me<\/a><\/td>\n<td style=\"width: 33.3333%;\"><a href=\"https:\/\/exos.education\/fr\/generateur-dexercices-pedagogiques-en-ligne-et-gratuits\/precoces\/\" target=\"_new\" rel=\"noopener\">Pr\u00e9coces<\/a><\/td>\n<\/tr>\n<tr>\n<td style=\"width: 33.3333%;\">\u00a0<\/td>\n<td style=\"width: 33.3333%;\"><a href=\"https:\/\/exos.education\/fr\/generateur-dexercices-pedagogiques-en-ligne-et-gratuits\/2nde\/\" target=\"_new\" rel=\"noopener\">2nde<\/a><\/td>\n<td style=\"width: 33.3333%;\"><a href=\"https:\/\/exos.education\/fr\/generateur-dexercices-pedagogiques-en-ligne-et-gratuits\/dyscalculiques\/\" target=\"_new\" rel=\"noopener\">Dyscalculiques<\/a><\/td>\n<\/tr>\n<tr>\n<td style=\"width: 33.3333%;\">\u00a0<\/td>\n<td style=\"width: 33.3333%;\"><a href=\"https:\/\/exos.education\/fr\/generateur-dexercices-pedagogiques-en-ligne-et-gratuits\/1ere\/\" target=\"_new\" rel=\"noopener\">1\u00e8re<\/a><\/td>\n<td style=\"width: 33.3333%;\"><a href=\"https:\/\/exos.education\/fr\/generateur-dexercices-pedagogiques-en-ligne-et-gratuits\/malvoyants\/\" target=\"_new\" rel=\"noopener\">Malvoyants<\/a><\/td>\n<\/tr>\n<tr>\n<td style=\"width: 33.3333%;\">\u00a0<\/td>\n<td style=\"width: 33.3333%;\"><a href=\"https:\/\/exos.education\/fr\/generateur-dexercices-pedagogiques-en-ligne-et-gratuits\/terminale\/\" target=\"_new\" rel=\"noopener\">Terminale<\/a><\/td>\n<td style=\"width: 33.3333%;\"><a href=\"https:\/\/exos.education\/fr\/generateur-dexercices-pedagogiques-en-ligne-et-gratuits\/malentendants\/\" target=\"_new\" rel=\"noopener\">Malentendants<\/a><\/td>\n<\/tr>\n<\/tbody>\n<\/table>\n<p>[\/et_pb_text][\/et_pb_column][\/et_pb_row][\/et_pb_section]<\/p>\n","protected":false},"excerpt":{"rendered":"<p>[wpaicg_form id=31 settings=no custom=yes] Le g\u00e9n\u00e9rateur d&rsquo;exercices p\u00e9dagogiques est un outil gratuit et sans inscription qui permet de cr\u00e9er des exercices personnalis\u00e9s dans diff\u00e9rentes mati\u00e8res telles que les math\u00e9matiques, les sciences, l&rsquo;histoire, la g\u00e9ographie, les langues, la litt\u00e9rature et l&rsquo;art. Il suffit de s\u00e9lectionner les ressources d\u00e9sir\u00e9es, de remplir chaque item en fonction de vos [&hellip;]<\/p>\n","protected":false},"author":5,"featured_media":0,"parent":0,"menu_order":0,"comment_status":"closed","ping_status":"closed","template":"","meta":{"_seopress_robots_primary_cat":"","_seopress_titles_title":"G\u00e9n\u00e9rateur d&#039;Exercices P\u00e9dagogiques Personnalis\u00e9s en Ligne","_seopress_titles_desc":"\ud83d\udcdd Cr\u00e9ez des exercices adapt\u00e9s \u00e0 vos besoins avec le G\u00e9n\u00e9rateur d&#039;Exercices ! Id\u00e9al pour les \u00e9l\u00e8ves, les parents et les enseignants. Lancez-vous d\u00e8s maintenant","_seopress_robots_index":"","_et_pb_use_builder":"on","_et_pb_old_content":"[wpaicg_form id=31 settings=no custom=yes]\r\n\r\nLe <strong>g\u00e9n\u00e9rateur d'exercices p\u00e9dagogiques<\/strong> est un outil <strong>gratuit<\/strong> et sans inscription qui permet de cr\u00e9er des <strong>exercices personnalis\u00e9s<\/strong> dans diff\u00e9rentes mati\u00e8res telles que les <strong>math\u00e9matiques<\/strong>, les <strong>sciences<\/strong>, <strong>l'histoire<\/strong>, la <strong>g\u00e9ographie<\/strong>, les <strong>langues<\/strong>, la <strong>litt\u00e9rature<\/strong> et <strong>l'art<\/strong>. Il suffit de s\u00e9lectionner les ressources d\u00e9sir\u00e9es, de remplir chaque item en fonction de vos besoins, puis de cliquer sur \"G\u00e9n\u00e9rer\" pour obtenir un exercice complet correspondant \u00e0 votre demande en quelques secondes.\r\n\r\nIl est \u00e9galement possible de <strong>modifier<\/strong> l'exercice en ligne et de le <strong>t\u00e9l\u00e9charger<\/strong>. Cet outil est en phase de test et conception, donc <strong>vos retours d'exp\u00e9riences sont les bienvenus<\/strong>. Vous pouvez choisir le niveau scolaire de l'\u00e9l\u00e8ve, le type d'exercice (<strong>QCM, questions ouvertes, probl\u00e8mes, exercices \u00e0 trous<\/strong>), le sujet de l'exercice (par exemple les fractions, le pr\u00e9t\u00e9rit, la Seconde Guerre mondiale), le niveau de difficult\u00e9, la dur\u00e9e de l'exercice et <strong>l'accessibilit\u00e9<\/strong> pour diff\u00e9rents types d'\u00e9l\u00e8ves ayant des besoins sp\u00e9cifiques.\r\n\r\nVous pouvez \u00e9galement <strong>personnaliser<\/strong> <strong>l'exercice<\/strong> en indiquant des <strong>instructions<\/strong> <strong>sp\u00e9cifiques<\/strong> pour le professeur ou en choisissant le nombre d'exercices souhait\u00e9s.\r\n\r\n[button link=\"https:\/\/exos.education\/fr\/category\/bibliotheque-dexercices-pedagogiques-personnalises-imprimables\/\"] Consulter aussi toute notre biblioth\u00e8que d'exercices p\u00e9dagogiques imprimables et gratuits[\/button]","_et_gb_content_width":"","footnotes":""},"class_list":["post-40","page","type-page","status-publish","hentry"],"_links":{"self":[{"href":"https:\/\/exos.education\/fr\/wp-json\/wp\/v2\/pages\/40","targetHints":{"allow":["GET"]}}],"collection":[{"href":"https:\/\/exos.education\/fr\/wp-json\/wp\/v2\/pages"}],"about":[{"href":"https:\/\/exos.education\/fr\/wp-json\/wp\/v2\/types\/page"}],"author":[{"embeddable":true,"href":"https:\/\/exos.education\/fr\/wp-json\/wp\/v2\/users\/5"}],"replies":[{"embeddable":true,"href":"https:\/\/exos.education\/fr\/wp-json\/wp\/v2\/comments?post=40"}],"version-history":[{"count":6,"href":"https:\/\/exos.education\/fr\/wp-json\/wp\/v2\/pages\/40\/revisions"}],"predecessor-version":[{"id":9187,"href":"https:\/\/exos.education\/fr\/wp-json\/wp\/v2\/pages\/40\/revisions\/9187"}],"wp:attachment":[{"href":"https:\/\/exos.education\/fr\/wp-json\/wp\/v2\/media?parent=40"}],"curies":[{"name":"wp","href":"https:\/\/api.w.org\/{rel}","templated":true}]}}