{"id":66,"date":"2023-08-04T15:17:42","date_gmt":"2023-08-04T15:17:42","guid":{"rendered":"https:\/\/exos.education\/fr\/?page_id=66"},"modified":"2023-09-28T14:33:26","modified_gmt":"2023-09-28T13:33:26","slug":"mathematiques","status":"publish","type":"page","link":"https:\/\/exos.education\/fr\/generateur-dexercices-pedagogiques-en-ligne-et-gratuits\/mathematiques\/","title":{"rendered":"Cr\u00e9ez Vos Propres Exercices \u00c9ducatifs en Math\u00e9matiques"},"content":{"rendered":"<p>[et_pb_section fb_built=\u00a0\u00bb1&Prime; _builder_version=\u00a0\u00bb4.16&Prime; global_colors_info=\u00a0\u00bb{}\u00a0\u00bb][et_pb_row _builder_version=\u00a0\u00bb4.16&Prime; background_size=\u00a0\u00bbinitial\u00a0\u00bb background_position=\u00a0\u00bbtop_left\u00a0\u00bb background_repeat=\u00a0\u00bbrepeat\u00a0\u00bb global_colors_info=\u00a0\u00bb{}\u00a0\u00bb][et_pb_column type=\u00a0\u00bb4_4&Prime; _builder_version=\u00a0\u00bb4.16&Prime; custom_padding=\u00a0\u00bb|||\u00a0\u00bb global_colors_info=\u00a0\u00bb{}\u00a0\u00bb custom_padding__hover=\u00a0\u00bb|||\u00a0\u00bb][et_pb_text _builder_version=\u00a0\u00bb4.21.0&Prime; background_size=\u00a0\u00bbinitial\u00a0\u00bb background_position=\u00a0\u00bbtop_left\u00a0\u00bb background_repeat=\u00a0\u00bbrepeat\u00a0\u00bb global_colors_info=\u00a0\u00bb{}\u00a0\u00bb]Le g\u00e9n\u00e9rateur d&rsquo;exercices en ligne de math\u00e9matiques imprimables est un outil p\u00e9dagogique qui permet de cr\u00e9er des exercices de math\u00e9matiques personnalis\u00e9s. Gr\u00e2ce \u00e0 cet outil, les enseignants peuvent g\u00e9n\u00e9rer des exercices adapt\u00e9s au niveau et aux besoins sp\u00e9cifiques de leurs \u00e9l\u00e8ves. Les exercices g\u00e9n\u00e9r\u00e9s peuvent \u00eatre imprim\u00e9s, ce qui facilite leur utilisation en classe. De plus, cet outil est enti\u00e8rement gratuit, ce qui en fait une ressource pr\u00e9cieuse pour les enseignants et les \u00e9l\u00e8ves. Essayez-le d\u00e8s maintenant et d\u00e9couvrez comment il peut vous aider \u00e0 am\u00e9liorer vos comp\u00e9tences en math\u00e9matiques de mani\u00e8re interactive et ludique.[\/et_pb_text][et_pb_code _builder_version=\u00a0\u00bb4.22.2&Prime; _module_preset=\u00a0\u00bbdefault\u00a0\u00bb global_colors_info=\u00a0\u00bb{}\u00a0\u00bb]<\/script><!-- [et_pb_line_break_holder] --><script type=\"text\/javascript\"><!-- [et_pb_line_break_holder] -->    document.addEventListener('DOMContentLoaded', function() {<!-- [et_pb_line_break_holder] -->        var selectElement = document.getElementById('wpaicg-form-field-0');<!-- [et_pb_line_break_holder] -->        if (selectElement) {<!-- [et_pb_line_break_holder] -->            selectElement.value = 'Math\u00e9matiques';<!-- [et_pb_line_break_holder] -->        }<!-- [et_pb_line_break_holder] -->    });<!-- [et_pb_line_break_holder] --><\/script>[\/et_pb_code][\/et_pb_column][\/et_pb_row][\/et_pb_section]<\/p>\n","protected":false},"excerpt":{"rendered":"<p>Le g\u00e9n\u00e9rateur d&rsquo;exercices en ligne de math\u00e9matiques imprimables est un outil p\u00e9dagogique qui permet de cr\u00e9er des exercices de math\u00e9matiques personnalis\u00e9s. Gr\u00e2ce \u00e0 cet outil, les enseignants peuvent g\u00e9n\u00e9rer des exercices adapt\u00e9s au niveau et aux besoins sp\u00e9cifiques de leurs \u00e9l\u00e8ves. Les exercices g\u00e9n\u00e9r\u00e9s peuvent \u00eatre imprim\u00e9s, ce qui facilite leur utilisation en classe. De [&hellip;]<\/p>\n","protected":false},"author":5,"featured_media":0,"parent":40,"menu_order":0,"comment_status":"closed","ping_status":"closed","template":"","meta":{"_seopress_robots_primary_cat":"","_seopress_titles_title":"G\u00e9n\u00e9rateur d&#039;exercices en ligne en Math\u00e9matiques imprimables","_seopress_titles_desc":"\ud83d\udcda R\u00e9alisez des exercices de maths personnalis\u00e9s, imprimables et gratuits. Essayez maintenant!\ud83d\udc4c","_seopress_robots_index":"","_et_pb_use_builder":"on","_et_pb_old_content":"Le g\u00e9n\u00e9rateur d'exercices en ligne de math\u00e9matiques imprimables est un outil p\u00e9dagogique qui permet de cr\u00e9er des exercices de math\u00e9matiques personnalis\u00e9s. Gr\u00e2ce \u00e0 cet outil, les enseignants peuvent g\u00e9n\u00e9rer des exercices adapt\u00e9s au niveau et aux besoins sp\u00e9cifiques de leurs \u00e9l\u00e8ves. Les exercices g\u00e9n\u00e9r\u00e9s peuvent \u00eatre imprim\u00e9s, ce qui facilite leur utilisation en classe. De plus, cet outil est enti\u00e8rement gratuit, ce qui en fait une ressource pr\u00e9cieuse pour les enseignants et les \u00e9l\u00e8ves. Essayez-le d\u00e8s maintenant et d\u00e9couvrez comment il peut vous aider \u00e0 am\u00e9liorer vos comp\u00e9tences en math\u00e9matiques de mani\u00e8re interactive et ludique.\r\n\r\n\u00a0\r\n\r\n[button link=\"https:\/\/exos.education\/fr\/creez-vos-propres-exercices-educatifs-imprimable-avec-notre-generateur\/\"] \ud83d\udcda R\u00e9alisez des exercices de maths personnalis\u00e9s, imprimables et gratuits. Essayez maintenant!\ud83d\udc4c [\/button]","_et_gb_content_width":"","footnotes":""},"class_list":["post-66","page","type-page","status-publish","hentry"],"_links":{"self":[{"href":"https:\/\/exos.education\/fr\/wp-json\/wp\/v2\/pages\/66","targetHints":{"allow":["GET"]}}],"collection":[{"href":"https:\/\/exos.education\/fr\/wp-json\/wp\/v2\/pages"}],"about":[{"href":"https:\/\/exos.education\/fr\/wp-json\/wp\/v2\/types\/page"}],"author":[{"embeddable":true,"href":"https:\/\/exos.education\/fr\/wp-json\/wp\/v2\/users\/5"}],"replies":[{"embeddable":true,"href":"https:\/\/exos.education\/fr\/wp-json\/wp\/v2\/comments?post=66"}],"version-history":[{"count":4,"href":"https:\/\/exos.education\/fr\/wp-json\/wp\/v2\/pages\/66\/revisions"}],"predecessor-version":[{"id":9461,"href":"https:\/\/exos.education\/fr\/wp-json\/wp\/v2\/pages\/66\/revisions\/9461"}],"up":[{"embeddable":true,"href":"https:\/\/exos.education\/fr\/wp-json\/wp\/v2\/pages\/40"}],"wp:attachment":[{"href":"https:\/\/exos.education\/fr\/wp-json\/wp\/v2\/media?parent=66"}],"curies":[{"name":"wp","href":"https:\/\/api.w.org\/{rel}","templated":true}]}}