{"id":686,"date":"2023-08-09T10:29:10","date_gmt":"2023-08-09T10:29:10","guid":{"rendered":"https:\/\/exos.education\/fr\/?page_id=686"},"modified":"2023-10-24T20:47:20","modified_gmt":"2023-10-24T19:47:20","slug":"conditions-generales-de-ventes","status":"publish","type":"page","link":"https:\/\/exos.education\/fr\/conditions-generales-de-ventes\/","title":{"rendered":"Conditions G\u00e9n\u00e9rales de ventes"},"content":{"rendered":"<p>[et_pb_section fb_built=\u00a0\u00bb1&Prime; _builder_version=\u00a0\u00bb4.21.0&Prime; _module_preset=\u00a0\u00bbdefault\u00a0\u00bb global_colors_info=\u00a0\u00bb{}\u00a0\u00bb][et_pb_row _builder_version=\u00a0\u00bb4.21.0&Prime; _module_preset=\u00a0\u00bbdefault\u00a0\u00bb global_colors_info=\u00a0\u00bb{}\u00a0\u00bb][et_pb_column type=\u00a0\u00bb4_4&Prime; _builder_version=\u00a0\u00bb4.21.0&Prime; _module_preset=\u00a0\u00bbdefault\u00a0\u00bb global_colors_info=\u00a0\u00bb{}\u00a0\u00bb][et_pb_text _builder_version=\u00a0\u00bb4.22.2&Prime; _module_preset=\u00a0\u00bbdefault\u00a0\u00bb hover_enabled=\u00a0\u00bb0&Prime; global_colors_info=\u00a0\u00bb{}\u00a0\u00bb sticky_enabled=\u00a0\u00bb0&Prime; header_font=\u00a0\u00bbPlayfair Display||||||||\u00a0\u00bb header_text_align=\u00a0\u00bbcenter\u00a0\u00bb]<\/p>\n<h1>Conditions G\u00e9n\u00e9rale de Vente<\/h1>\n<p>[\/et_pb_text][et_pb_text _builder_version=\u00a0\u00bb4.22.2&Prime; _module_preset=\u00a0\u00bbdefault\u00a0\u00bb text_font=\u00a0\u00bbPT Sans||||||||\u00a0\u00bb global_colors_info=\u00a0\u00bb{}\u00a0\u00bb]<\/p>\n<p><strong>1. Pr\u00e9ambule<\/strong><\/p>\n<p>Le site Exos Education est \u00e9dit\u00e9 par la soci\u00e9t\u00e9 VKBACK, situ\u00e9e au 4 rue de la r\u00e9publique, 69001 Lyon. Le site propose une collection de g\u00e9n\u00e9rateurs bas\u00e9s sur l\u2019intelligence artificielle.<\/p>\n<p><strong>2. Acceptation des CGV<\/strong><\/p>\n<p>L\u2019achat de cr\u00e9dits sur le site Exos Education implique l\u2019acceptation sans r\u00e9serve par l\u2019acheteur des pr\u00e9sentes conditions de vente.<\/p>\n<p><strong>3. Produits et services<\/strong><\/p>\n<p>Exos Education propose des packs de cr\u00e9dits permettant d\u2019acc\u00e9der \u00e0 diff\u00e9rents g\u00e9n\u00e9rateurs IA. Les tarifs et sp\u00e9cificit\u00e9s de chaque pack sont clairement indiqu\u00e9s sur le site.<\/p>\n<p><strong>4. Prix<\/strong><\/p>\n<p>Les prix des packs de cr\u00e9dits sont indiqu\u00e9s en euros toutes taxes comprises. VKBACK se r\u00e9serve le droit de modifier ses prix \u00e0 tout moment.<\/p>\n<p><strong>5. Paiement<\/strong><\/p>\n<p>Le paiement est exigible imm\u00e9diatement \u00e0 la commande. Le paiement s\u2019effectue par carte bancaire via une plateforme s\u00e9curis\u00e9e.<\/p>\n<p>Bien s\u00fbr, voici la modification concernant le droit de r\u00e9tractation :<\/p>\n<p><strong>6. Renonciation au droit de r\u00e9tractation<\/strong><\/p>\n<p>Lors de l\u2019achat de cr\u00e9dits sur Exos Education, l\u2019acheteur renonce express\u00e9ment \u00e0 son droit de r\u00e9tractation conform\u00e9ment \u00e0 la l\u00e9gislation en vigueur. En validant son achat, l\u2019acheteur reconna\u00eet et accepte cette renonciation.<\/p>\n<p><strong>7. Responsabilit\u00e9<\/strong><\/p>\n<p>VKBACK ne pourra \u00eatre tenu pour responsable des dommages directs ou indirects r\u00e9sultant de l\u2019utilisation des g\u00e9n\u00e9rateurs IA. L\u2019utilisateur est seul responsable de l\u2019utilisation qu\u2019il fait des r\u00e9sultats g\u00e9n\u00e9r\u00e9s.<\/p>\n<p><strong>8. Donn\u00e9es personnelles<\/strong><\/p>\n<p>Les informations recueillies sont n\u00e9cessaires pour la gestion des commandes. Conform\u00e9ment \u00e0 la loi \u201cinformatique et libert\u00e9s\u201d, les acheteurs disposent d\u2019un droit d\u2019acc\u00e8s, de rectification et d\u2019opposition aux donn\u00e9es les concernant.<\/p>\n<p><strong>9. Litiges<\/strong><\/p>\n<p>Tout litige relatif \u00e0 l\u2019interpr\u00e9tation ou \u00e0 l\u2019ex\u00e9cution des pr\u00e9sentes CGV sera soumis au droit fran\u00e7ais et rel\u00e8vera de la comp\u00e9tence exclusive des tribunaux fran\u00e7ais.<\/p>\n<p>[\/et_pb_text][\/et_pb_column][\/et_pb_row][\/et_pb_section][et_pb_section fb_built=\u00a0\u00bb1&Prime; custom_padding_last_edited=\u00a0\u00bboff|tablet\u00a0\u00bb admin_label=\u00a0\u00bbFooter\u00a0\u00bb _builder_version=\u00a0\u00bb4.16&Prime; background_image=\u00a0\u00bbhttps:\/\/exos.education\/fr\/wp-content\/uploads\/2023\/08\/Tutoring-Service_Footer.png\u00a0\u00bb background_size=\u00a0\u00bbcontain\u00a0\u00bb background_position=\u00a0\u00bbbottom_center\u00a0\u00bb custom_padding=\u00a0\u00bb||16vw||false|false\u00a0\u00bb custom_padding_tablet=\u00a0\u00bb||||false|false\u00a0\u00bb global_module=\u00a0\u00bb291&Prime; saved_tabs=\u00a0\u00bball\u00a0\u00bb global_colors_info=\u00a0\u00bb{}\u00a0\u00bb][et_pb_row custom_padding_last_edited=\u00a0\u00bbon|tablet\u00a0\u00bb _builder_version=\u00a0\u00bb4.16&Prime; background_image=\u00a0\u00bbhttps:\/\/exos.education\/fr\/wp-content\/uploads\/2023\/08\/bac-01.png\u00a0\u00bb background_size=\u00a0\u00bbcontain\u00a0\u00bb custom_padding=\u00a0\u00bb160px|100px|100px|100px|false|true\u00a0\u00bb custom_padding_tablet=\u00a0\u00bb10px|40px|10px|40px|true|true\u00a0\u00bb custom_padding_phone=\u00a0\u00bb0px|0px|0px|0px|true|true\u00a0\u00bb global_colors_info=\u00a0\u00bb{}\u00a0\u00bb][et_pb_column type=\u00a0\u00bb4_4&Prime; _builder_version=\u00a0\u00bb4.16&Prime; global_colors_info=\u00a0\u00bb{}\u00a0\u00bb][et_pb_text _builder_version=\u00a0\u00bb4.21.0&Prime; text_font=\u00a0\u00bbPT Sans||||||||\u00a0\u00bb text_text_color=\u00a0\u00bb#62748a\u00a0\u00bb text_font_size=\u00a0\u00bb16px\u00a0\u00bb text_line_height=\u00a0\u00bb1.8em\u00a0\u00bb header_2_font=\u00a0\u00bbPlayfair Display|700|||||||\u00a0\u00bb header_2_text_color=\u00a0\u00bb#2a3749&Prime; header_2_font_size=\u00a0\u00bb50px\u00a0\u00bb header_2_line_height=\u00a0\u00bb1.3em\u00a0\u00bb text_orientation=\u00a0\u00bbcenter\u00a0\u00bb max_width=\u00a0\u00bb600px\u00a0\u00bb module_alignment=\u00a0\u00bbcenter\u00a0\u00bb header_2_font_size_tablet=\u00a0\u00bb32px\u00a0\u00bb header_2_font_size_phone=\u00a0\u00bb24px\u00a0\u00bb header_2_font_size_last_edited=\u00a0\u00bbon|phone\u00a0\u00bb locked=\u00a0\u00bboff\u00a0\u00bb global_colors_info=\u00a0\u00bb{}\u00a0\u00bb]<\/p>\n<h2>Apprenons ensemble !<\/h2>\n<p>Embarquez dans le voyage d&rsquo;apprentissage avec nous. Que vous soyez un enseignant, un parent, ou un \u00e9l\u00e8ve, notre plateforme est faite pour vous. Transformons ensemble l&rsquo;apprentissage en une exp\u00e9rience dynamique, personnalis\u00e9e et amusante. Rejoignez-nous et d\u00e9couvrons les joies de l&rsquo;\u00e9ducation !<\/p>\n<p>&nbsp;<\/p>\n<p>[\/et_pb_text][et_pb_button button_url=\u00a0\u00bb@ET-DC@eyJkeW5hbWljIjp0cnVlLCJjb250ZW50IjoicG9zdF9saW5rX3VybF9wYWdlIiwic2V0dGluZ3MiOnsicG9zdF9pZCI6IjY2NSJ9fQ==@\u00a0\u00bb button_text=\u00a0\u00bbContact\u00a0\u00bb button_alignment=\u00a0\u00bbcenter\u00a0\u00bb _builder_version=\u00a0\u00bb4.21.0&Prime; _dynamic_attributes=\u00a0\u00bbbutton_url\u00a0\u00bb custom_button=\u00a0\u00bbon\u00a0\u00bb button_text_size=\u00a0\u00bb12px\u00a0\u00bb button_text_color=\u00a0\u00bb#ffffff\u00a0\u00bb button_bg_color=\u00a0\u00bb#007aff\u00a0\u00bb button_border_width=\u00a0\u00bb0px\u00a0\u00bb button_border_radius=\u00a0\u00bb100px\u00a0\u00bb button_letter_spacing=\u00a0\u00bb2px\u00a0\u00bb button_font=\u00a0\u00bbPT Sans|900||on|||||\u00a0\u00bb button_use_icon=\u00a0\u00bboff\u00a0\u00bb custom_margin=\u00a0\u00bb||40px||false|false\u00a0\u00bb custom_padding=\u00a0\u00bb20px|30px|20px|30px|true|true\u00a0\u00bb box_shadow_style=\u00a0\u00bbpreset3&Prime; box_shadow_blur=\u00a0\u00bb28px\u00a0\u00bb box_shadow_spread=\u00a0\u00bb-10px\u00a0\u00bb box_shadow_color=\u00a0\u00bbrgba(0,122,255,0.33)\u00a0\u00bb locked=\u00a0\u00bboff\u00a0\u00bb global_colors_info=\u00a0\u00bb{}\u00a0\u00bb box_shadow_color__hover=\u00a0\u00bb#2585b2&Prime; box_shadow_blur__hover_enabled=\u00a0\u00bboff\u00a0\u00bb box_shadow_blur__hover=\u00a0\u00bb20px\u00a0\u00bb box_shadow_vertical__hover_enabled=\u00a0\u00bboff\u00a0\u00bb box_shadow_vertical__hover=\u00a0\u00bb10px\u00a0\u00bb][\/et_pb_button][\/et_pb_column][\/et_pb_row][et_pb_row column_structure=\u00a0\u00bb1_2,1_2&Prime; use_custom_gutter=\u00a0\u00bbon\u00a0\u00bb gutter_width=\u00a0\u00bb2&Prime; _builder_version=\u00a0\u00bb4.16&Prime; custom_margin_tablet=\u00a0\u00bb-30px||||false|false\u00a0\u00bb custom_margin_last_edited=\u00a0\u00bboff|desktop\u00a0\u00bb global_colors_info=\u00a0\u00bb{}\u00a0\u00bb][et_pb_column type=\u00a0\u00bb1_2&Prime; _builder_version=\u00a0\u00bb4.16&Prime; global_colors_info=\u00a0\u00bb{}\u00a0\u00bb][et_pb_button button_url=\u00a0\u00bbhttps:\/\/exos.education\/fr\/generateur-dexercices-pedagogiques-en-ligne-et-gratuits\/\u00a0\u00bb button_text=\u00a0\u00bbG\u00e9n\u00e9rateur\u00a0\u00bb button_alignment=\u00a0\u00bbcenter\u00a0\u00bb _builder_version=\u00a0\u00bb4.21.0&Prime; custom_button=\u00a0\u00bbon\u00a0\u00bb button_text_size=\u00a0\u00bb12px\u00a0\u00bb button_text_color=\u00a0\u00bb#ffffff\u00a0\u00bb button_bg_color=\u00a0\u00bb#007aff\u00a0\u00bb button_border_width=\u00a0\u00bb0px\u00a0\u00bb button_border_radius=\u00a0\u00bb100px\u00a0\u00bb button_letter_spacing=\u00a0\u00bb2px\u00a0\u00bb button_font=\u00a0\u00bbPT Sans|900||on|||||\u00a0\u00bb button_use_icon=\u00a0\u00bboff\u00a0\u00bb custom_margin_tablet=\u00a0\u00bb40px||40px||true|false\u00a0\u00bb custom_margin_last_edited=\u00a0\u00bboff|tablet\u00a0\u00bb custom_padding=\u00a0\u00bb20px|24px|20px|24px|true|true\u00a0\u00bb box_shadow_style=\u00a0\u00bbpreset3&Prime; box_shadow_blur=\u00a0\u00bb28px\u00a0\u00bb box_shadow_spread=\u00a0\u00bb-10px\u00a0\u00bb box_shadow_color=\u00a0\u00bbrgba(0,122,255,0.33)\u00a0\u00bb locked=\u00a0\u00bboff\u00a0\u00bb global_colors_info=\u00a0\u00bb{}\u00a0\u00bb box_shadow_color__hover=\u00a0\u00bb#2585b2&Prime; box_shadow_blur__hover_enabled=\u00a0\u00bboff\u00a0\u00bb box_shadow_blur__hover=\u00a0\u00bb20px\u00a0\u00bb box_shadow_vertical__hover_enabled=\u00a0\u00bboff\u00a0\u00bb box_shadow_vertical__hover=\u00a0\u00bb10px\u00a0\u00bb][\/et_pb_button][\/et_pb_column][et_pb_column type=\u00a0\u00bb1_2&Prime; _builder_version=\u00a0\u00bb4.16&Prime; global_colors_info=\u00a0\u00bb{}\u00a0\u00bb][et_pb_button button_url=\u00a0\u00bbhttps:\/\/exos.education\/fr\/exercices-pedagogiques-imprimables-et-gratuits\/\u00a0\u00bb button_text=\u00a0\u00bbExercices Gratuits\u00a0\u00bb button_alignment=\u00a0\u00bbcenter\u00a0\u00bb _builder_version=\u00a0\u00bb4.21.0&Prime; custom_button=\u00a0\u00bbon\u00a0\u00bb button_text_size=\u00a0\u00bb12px\u00a0\u00bb button_text_color=\u00a0\u00bb#ffffff\u00a0\u00bb button_bg_color=\u00a0\u00bb#2A3749&Prime; button_border_width=\u00a0\u00bb0px\u00a0\u00bb button_border_radius=\u00a0\u00bb100px\u00a0\u00bb button_letter_spacing=\u00a0\u00bb2px\u00a0\u00bb button_font=\u00a0\u00bbPT Sans|900||on|||||\u00a0\u00bb button_use_icon=\u00a0\u00bboff\u00a0\u00bb custom_margin=\u00a0\u00bb||||false|false\u00a0\u00bb custom_margin_tablet=\u00a0\u00bb40px||40px|0px|true|false\u00a0\u00bb custom_margin_last_edited=\u00a0\u00bboff|desktop\u00a0\u00bb custom_padding=\u00a0\u00bb20px|24px|20px|24px|true|true\u00a0\u00bb locked=\u00a0\u00bboff\u00a0\u00bb global_colors_info=\u00a0\u00bb{}\u00a0\u00bb box_shadow_color__hover=\u00a0\u00bb#2585b2&Prime; box_shadow_blur__hover_enabled=\u00a0\u00bboff\u00a0\u00bb box_shadow_blur__hover=\u00a0\u00bb20px\u00a0\u00bb box_shadow_vertical__hover_enabled=\u00a0\u00bboff\u00a0\u00bb box_shadow_vertical__hover=\u00a0\u00bb10px\u00a0\u00bb][\/et_pb_button][\/et_pb_column][\/et_pb_row][\/et_pb_section]<\/p>\n","protected":false},"excerpt":{"rendered":"<p>Conditions G\u00e9n\u00e9rale de Vente1. Pr\u00e9ambule Le site Exos Education est \u00e9dit\u00e9 par la soci\u00e9t\u00e9 VKBACK, situ\u00e9e au 4 rue de la r\u00e9publique, 69001 Lyon. Le site propose une collection de g\u00e9n\u00e9rateurs bas\u00e9s sur l\u2019intelligence artificielle. 2. Acceptation des CGV L\u2019achat de cr\u00e9dits sur le site Exos Education implique l\u2019acceptation sans r\u00e9serve par l\u2019acheteur des pr\u00e9sentes [&hellip;]<\/p>\n","protected":false},"author":5,"featured_media":0,"parent":0,"menu_order":0,"comment_status":"closed","ping_status":"closed","template":"","meta":{"_seopress_robots_primary_cat":"","_seopress_titles_title":"","_seopress_titles_desc":"","_seopress_robots_index":"","_et_pb_use_builder":"on","_et_pb_old_content":"","_et_gb_content_width":"","footnotes":""},"class_list":["post-686","page","type-page","status-publish","hentry"],"_links":{"self":[{"href":"https:\/\/exos.education\/fr\/wp-json\/wp\/v2\/pages\/686","targetHints":{"allow":["GET"]}}],"collection":[{"href":"https:\/\/exos.education\/fr\/wp-json\/wp\/v2\/pages"}],"about":[{"href":"https:\/\/exos.education\/fr\/wp-json\/wp\/v2\/types\/page"}],"author":[{"embeddable":true,"href":"https:\/\/exos.education\/fr\/wp-json\/wp\/v2\/users\/5"}],"replies":[{"embeddable":true,"href":"https:\/\/exos.education\/fr\/wp-json\/wp\/v2\/comments?post=686"}],"version-history":[{"count":3,"href":"https:\/\/exos.education\/fr\/wp-json\/wp\/v2\/pages\/686\/revisions"}],"predecessor-version":[{"id":9554,"href":"https:\/\/exos.education\/fr\/wp-json\/wp\/v2\/pages\/686\/revisions\/9554"}],"wp:attachment":[{"href":"https:\/\/exos.education\/fr\/wp-json\/wp\/v2\/media?parent=686"}],"curies":[{"name":"wp","href":"https:\/\/api.w.org\/{rel}","templated":true}]}}