{"id":72,"date":"2023-08-04T15:30:36","date_gmt":"2023-08-04T15:30:36","guid":{"rendered":"https:\/\/exos.education\/fr\/?page_id=72"},"modified":"2023-09-28T14:33:20","modified_gmt":"2023-09-28T13:33:20","slug":"sciences","status":"publish","type":"page","link":"https:\/\/exos.education\/fr\/generateur-dexercices-pedagogiques-en-ligne-et-gratuits\/sciences\/","title":{"rendered":"Cr\u00e9ez Vos Propres Exercices \u00c9ducatifs en Sciences"},"content":{"rendered":"<p>[et_pb_section fb_built=\u00a0\u00bb1&Prime; _builder_version=\u00a0\u00bb4.16&Prime; global_colors_info=\u00a0\u00bb{}\u00a0\u00bb][et_pb_row _builder_version=\u00a0\u00bb4.16&Prime; background_size=\u00a0\u00bbinitial\u00a0\u00bb background_position=\u00a0\u00bbtop_left\u00a0\u00bb background_repeat=\u00a0\u00bbrepeat\u00a0\u00bb global_colors_info=\u00a0\u00bb{}\u00a0\u00bb][et_pb_column type=\u00a0\u00bb4_4&Prime; _builder_version=\u00a0\u00bb4.16&Prime; custom_padding=\u00a0\u00bb|||\u00a0\u00bb global_colors_info=\u00a0\u00bb{}\u00a0\u00bb custom_padding__hover=\u00a0\u00bb|||\u00a0\u00bb][et_pb_text _builder_version=\u00a0\u00bb4.21.0&Prime; background_size=\u00a0\u00bbinitial\u00a0\u00bb background_position=\u00a0\u00bbtop_left\u00a0\u00bb background_repeat=\u00a0\u00bbrepeat\u00a0\u00bb global_colors_info=\u00a0\u00bb{}\u00a0\u00bb]Le g\u00e9n\u00e9rateur d&rsquo;exercices en ligne Sciences imprimables Gratuit est un outil p\u00e9dagogique essentiel pour les enseignants et les \u00e9l\u00e8ves. Il permet de cr\u00e9er facilement des exercices personnalis\u00e9s dans le domaine des sciences, qui peuvent \u00eatre imprim\u00e9s et distribu\u00e9s en classe. Avec cet outil, les enseignants peuvent concevoir des exercices qui correspondent parfaitement aux besoins de leurs \u00e9l\u00e8ves, en choisissant parmi une vari\u00e9t\u00e9 de sujets scientifiques tels que la biologie, la chimie, la physique et bien d&rsquo;autres. De plus, cet outil est enti\u00e8rement gratuit, ce qui le rend accessible \u00e0 tous les enseignants et \u00e9tudiants. Ne manquez pas l&rsquo;occasion de d\u00e9couvrir et d&rsquo;utiliser ce g\u00e9n\u00e9rateur d&rsquo;exercices en ligne d\u00e8s maintenant pour enrichir vos le\u00e7ons de sciences et stimuler l&rsquo;apprentissage de vos \u00e9l\u00e8ves.[\/et_pb_text][et_pb_code _builder_version=\u00a0\u00bb4.22.2&Prime; _module_preset=\u00a0\u00bbdefault\u00a0\u00bb global_colors_info=\u00a0\u00bb{}\u00a0\u00bb]<\/script><!-- [et_pb_line_break_holder] --><script type=\"text\/javascript\"><!-- [et_pb_line_break_holder] -->    document.addEventListener('DOMContentLoaded', function() {<!-- [et_pb_line_break_holder] -->        var selectElement = document.getElementById('wpaicg-form-field-0');<!-- [et_pb_line_break_holder] -->        if (selectElement) {<!-- [et_pb_line_break_holder] -->            selectElement.value = 'Sciences';<!-- [et_pb_line_break_holder] -->        }<!-- [et_pb_line_break_holder] -->    });<!-- [et_pb_line_break_holder] --><\/script>[\/et_pb_code][\/et_pb_column][\/et_pb_row][\/et_pb_section]<\/p>\n","protected":false},"excerpt":{"rendered":"<p>Le g\u00e9n\u00e9rateur d&rsquo;exercices en ligne Sciences imprimables Gratuit est un outil p\u00e9dagogique essentiel pour les enseignants et les \u00e9l\u00e8ves. Il permet de cr\u00e9er facilement des exercices personnalis\u00e9s dans le domaine des sciences, qui peuvent \u00eatre imprim\u00e9s et distribu\u00e9s en classe. Avec cet outil, les enseignants peuvent concevoir des exercices qui correspondent parfaitement aux besoins de [&hellip;]<\/p>\n","protected":false},"author":5,"featured_media":0,"parent":40,"menu_order":0,"comment_status":"closed","ping_status":"closed","template":"","meta":{"_seopress_robots_primary_cat":"","_seopress_titles_title":"G\u00e9n\u00e9rateur d&#039;exercices en ligne en Sciences imprimables","_seopress_titles_desc":"Cr\u00e9ez des exercices de sciences sur mesure, imprimables et gratuits. D\u00e9couvrez-le d\u00e8s maintenant! \t","_seopress_robots_index":"","_et_pb_use_builder":"on","_et_pb_old_content":"Le g\u00e9n\u00e9rateur d'exercices en ligne Sciences imprimables Gratuit est un outil p\u00e9dagogique essentiel pour les enseignants et les \u00e9l\u00e8ves. Il permet de cr\u00e9er facilement des exercices personnalis\u00e9s dans le domaine des sciences, qui peuvent \u00eatre imprim\u00e9s et distribu\u00e9s en classe. Avec cet outil, les enseignants peuvent concevoir des exercices qui correspondent parfaitement aux besoins de leurs \u00e9l\u00e8ves, en choisissant parmi une vari\u00e9t\u00e9 de sujets scientifiques tels que la biologie, la chimie, la physique et bien d'autres. De plus, cet outil est enti\u00e8rement gratuit, ce qui le rend accessible \u00e0 tous les enseignants et \u00e9tudiants. Ne manquez pas l'occasion de d\u00e9couvrir et d'utiliser ce g\u00e9n\u00e9rateur d'exercices en ligne d\u00e8s maintenant pour enrichir vos le\u00e7ons de sciences et stimuler l'apprentissage de vos \u00e9l\u00e8ves.\r\n\r\n\u00a0\r\n\r\n[button link=\"https:\/\/exos.education\/fr\/creez-vos-propres-exercices-educatifs-imprimable-avec-notre-generateur\/\"] \ud83e\uddeaCr\u00e9ez des exercices de sciences sur mesure, imprimables et gratuits. D\u00e9couvrez-le d\u00e8s maintenant! \ud83d\ude80[\/button]","_et_gb_content_width":"","footnotes":""},"class_list":["post-72","page","type-page","status-publish","hentry"],"_links":{"self":[{"href":"https:\/\/exos.education\/fr\/wp-json\/wp\/v2\/pages\/72","targetHints":{"allow":["GET"]}}],"collection":[{"href":"https:\/\/exos.education\/fr\/wp-json\/wp\/v2\/pages"}],"about":[{"href":"https:\/\/exos.education\/fr\/wp-json\/wp\/v2\/types\/page"}],"author":[{"embeddable":true,"href":"https:\/\/exos.education\/fr\/wp-json\/wp\/v2\/users\/5"}],"replies":[{"embeddable":true,"href":"https:\/\/exos.education\/fr\/wp-json\/wp\/v2\/comments?post=72"}],"version-history":[{"count":4,"href":"https:\/\/exos.education\/fr\/wp-json\/wp\/v2\/pages\/72\/revisions"}],"predecessor-version":[{"id":9458,"href":"https:\/\/exos.education\/fr\/wp-json\/wp\/v2\/pages\/72\/revisions\/9458"}],"up":[{"embeddable":true,"href":"https:\/\/exos.education\/fr\/wp-json\/wp\/v2\/pages\/40"}],"wp:attachment":[{"href":"https:\/\/exos.education\/fr\/wp-json\/wp\/v2\/media?parent=72"}],"curies":[{"name":"wp","href":"https:\/\/api.w.org\/{rel}","templated":true}]}}