{"id":81,"date":"2023-08-04T15:43:51","date_gmt":"2023-08-04T15:43:51","guid":{"rendered":"https:\/\/exos.education\/fr\/?page_id=81"},"modified":"2023-09-28T14:33:45","modified_gmt":"2023-09-28T13:33:45","slug":"geographie","status":"publish","type":"page","link":"https:\/\/exos.education\/fr\/generateur-dexercices-pedagogiques-en-ligne-et-gratuits\/geographie\/","title":{"rendered":"Cr\u00e9ez Vos Propres Exercices \u00c9ducatifs en G\u00e9ographie"},"content":{"rendered":"<p>[et_pb_section fb_built=\u00a0\u00bb1&Prime; _builder_version=\u00a0\u00bb4.16&Prime; global_colors_info=\u00a0\u00bb{}\u00a0\u00bb][et_pb_row _builder_version=\u00a0\u00bb4.16&Prime; background_size=\u00a0\u00bbinitial\u00a0\u00bb background_position=\u00a0\u00bbtop_left\u00a0\u00bb background_repeat=\u00a0\u00bbrepeat\u00a0\u00bb global_colors_info=\u00a0\u00bb{}\u00a0\u00bb][et_pb_column type=\u00a0\u00bb4_4&Prime; _builder_version=\u00a0\u00bb4.16&Prime; custom_padding=\u00a0\u00bb|||\u00a0\u00bb global_colors_info=\u00a0\u00bb{}\u00a0\u00bb custom_padding__hover=\u00a0\u00bb|||\u00a0\u00bb][et_pb_text _builder_version=\u00a0\u00bb4.21.0&Prime; background_size=\u00a0\u00bbinitial\u00a0\u00bb background_position=\u00a0\u00bbtop_left\u00a0\u00bb background_repeat=\u00a0\u00bbrepeat\u00a0\u00bb global_colors_info=\u00a0\u00bb{}\u00a0\u00bb]Le g\u00e9n\u00e9rateur d&rsquo;exercices p\u00e9dagogiques de G\u00e9ographie imprimables et gratuits est un outil pr\u00e9cieux pour les enseignants et les \u00e9tudiants. En utilisant cet outil, vous pouvez cr\u00e9er des exercices personnalis\u00e9s adapt\u00e9s \u00e0 vos besoins sp\u00e9cifiques. Que ce soit pour \u00e9tudier les continents, les pays, les capitales ou les caract\u00e9ristiques g\u00e9ographiques, le g\u00e9n\u00e9rateur vous permet de choisir les \u00e9l\u00e9ments que vous souhaitez inclure dans vos exercices. Une fois que vous avez g\u00e9n\u00e9r\u00e9 les exercices, vous pouvez les imprimer et les distribuer en classe. C&rsquo;est un moyen pratique et efficace d&rsquo;enseigner et de r\u00e9viser la g\u00e9ographie. Alors n&rsquo;h\u00e9sitez pas \u00e0 essayer le g\u00e9n\u00e9rateur d&rsquo;exercices de g\u00e9ographie, c&rsquo;est gratuit et facile \u00e0 utiliser![\/et_pb_text][et_pb_code _builder_version=\u00a0\u00bb4.22.2&Prime; _module_preset=\u00a0\u00bbdefault\u00a0\u00bb global_colors_info=\u00a0\u00bb{}\u00a0\u00bb]<\/script><!-- [et_pb_line_break_holder] --><script type=\"text\/javascript\"><!-- [et_pb_line_break_holder] -->    document.addEventListener('DOMContentLoaded', function() {<!-- [et_pb_line_break_holder] -->        var selectElement = document.getElementById('wpaicg-form-field-0');<!-- [et_pb_line_break_holder] -->        if (selectElement) {<!-- [et_pb_line_break_holder] -->            selectElement.value = 'G\u00e9ographie';<!-- [et_pb_line_break_holder] -->        }<!-- [et_pb_line_break_holder] -->    });<!-- [et_pb_line_break_holder] --><\/script>[\/et_pb_code][\/et_pb_column][\/et_pb_row][\/et_pb_section]<\/p>\n","protected":false},"excerpt":{"rendered":"<p>Le g\u00e9n\u00e9rateur d&rsquo;exercices p\u00e9dagogiques de G\u00e9ographie imprimables et gratuits est un outil pr\u00e9cieux pour les enseignants et les \u00e9tudiants. En utilisant cet outil, vous pouvez cr\u00e9er des exercices personnalis\u00e9s adapt\u00e9s \u00e0 vos besoins sp\u00e9cifiques. Que ce soit pour \u00e9tudier les continents, les pays, les capitales ou les caract\u00e9ristiques g\u00e9ographiques, le g\u00e9n\u00e9rateur vous permet de choisir [&hellip;]<\/p>\n","protected":false},"author":5,"featured_media":0,"parent":40,"menu_order":0,"comment_status":"closed","ping_status":"closed","template":"","meta":{"_seopress_robots_primary_cat":"","_seopress_titles_title":"G\u00e9n\u00e9rateur d&#039;exercices en ligne en G\u00e9ographie imprimables","_seopress_titles_desc":"\ud83c\udf0dG\u00e9n\u00e9rez des exercices de g\u00e9ographie sur mesure, imprimables et gratuits. Essayez-le maintenant!\ud83c\udf0e\t","_seopress_robots_index":"","_et_pb_use_builder":"on","_et_pb_old_content":"Le g\u00e9n\u00e9rateur d'exercices p\u00e9dagogiques de G\u00e9ographie imprimables et gratuits est un outil pr\u00e9cieux pour les enseignants et les \u00e9tudiants. En utilisant cet outil, vous pouvez cr\u00e9er des exercices personnalis\u00e9s adapt\u00e9s \u00e0 vos besoins sp\u00e9cifiques. Que ce soit pour \u00e9tudier les continents, les pays, les capitales ou les caract\u00e9ristiques g\u00e9ographiques, le g\u00e9n\u00e9rateur vous permet de choisir les \u00e9l\u00e9ments que vous souhaitez inclure dans vos exercices. Une fois que vous avez g\u00e9n\u00e9r\u00e9 les exercices, vous pouvez les imprimer et les distribuer en classe. C'est un moyen pratique et efficace d'enseigner et de r\u00e9viser la g\u00e9ographie. Alors n'h\u00e9sitez pas \u00e0 essayer le g\u00e9n\u00e9rateur d'exercices de g\u00e9ographie, c'est gratuit et facile \u00e0 utiliser!\r\n\r\n[button link=\"https:\/\/exos.education\/fr\/creez-vos-propres-exercices-educatifs-imprimable-avec-notre-generateur\/\"] \ud83c\udf0dG\u00e9n\u00e9rez des exercices de g\u00e9ographie sur mesure, imprimables et gratuits. Essayez-le maintenant!\ud83c\udf0e[\/button]","_et_gb_content_width":"","footnotes":""},"class_list":["post-81","page","type-page","status-publish","hentry"],"_links":{"self":[{"href":"https:\/\/exos.education\/fr\/wp-json\/wp\/v2\/pages\/81","targetHints":{"allow":["GET"]}}],"collection":[{"href":"https:\/\/exos.education\/fr\/wp-json\/wp\/v2\/pages"}],"about":[{"href":"https:\/\/exos.education\/fr\/wp-json\/wp\/v2\/types\/page"}],"author":[{"embeddable":true,"href":"https:\/\/exos.education\/fr\/wp-json\/wp\/v2\/users\/5"}],"replies":[{"embeddable":true,"href":"https:\/\/exos.education\/fr\/wp-json\/wp\/v2\/comments?post=81"}],"version-history":[{"count":4,"href":"https:\/\/exos.education\/fr\/wp-json\/wp\/v2\/pages\/81\/revisions"}],"predecessor-version":[{"id":9468,"href":"https:\/\/exos.education\/fr\/wp-json\/wp\/v2\/pages\/81\/revisions\/9468"}],"up":[{"embeddable":true,"href":"https:\/\/exos.education\/fr\/wp-json\/wp\/v2\/pages\/40"}],"wp:attachment":[{"href":"https:\/\/exos.education\/fr\/wp-json\/wp\/v2\/media?parent=81"}],"curies":[{"name":"wp","href":"https:\/\/api.w.org\/{rel}","templated":true}]}}