{"id":89,"date":"2023-08-04T15:45:25","date_gmt":"2023-08-04T15:45:25","guid":{"rendered":"https:\/\/exos.education\/fr\/?page_id=89"},"modified":"2023-09-28T14:33:26","modified_gmt":"2023-09-28T13:33:26","slug":"litterature","status":"publish","type":"page","link":"https:\/\/exos.education\/fr\/generateur-dexercices-pedagogiques-en-ligne-et-gratuits\/litterature\/","title":{"rendered":"Cr\u00e9ez Vos Propres Exercices \u00c9ducatifs en Litt\u00e9rature"},"content":{"rendered":"<p>[et_pb_section fb_built=\u00a0\u00bb1&Prime; _builder_version=\u00a0\u00bb4.16&Prime; global_colors_info=\u00a0\u00bb{}\u00a0\u00bb][et_pb_row _builder_version=\u00a0\u00bb4.16&Prime; background_size=\u00a0\u00bbinitial\u00a0\u00bb background_position=\u00a0\u00bbtop_left\u00a0\u00bb background_repeat=\u00a0\u00bbrepeat\u00a0\u00bb global_colors_info=\u00a0\u00bb{}\u00a0\u00bb][et_pb_column type=\u00a0\u00bb4_4&Prime; _builder_version=\u00a0\u00bb4.16&Prime; custom_padding=\u00a0\u00bb|||\u00a0\u00bb global_colors_info=\u00a0\u00bb{}\u00a0\u00bb custom_padding__hover=\u00a0\u00bb|||\u00a0\u00bb][et_pb_text _builder_version=\u00a0\u00bb4.21.0&Prime; background_size=\u00a0\u00bbinitial\u00a0\u00bb background_position=\u00a0\u00bbtop_left\u00a0\u00bb background_repeat=\u00a0\u00bbrepeat\u00a0\u00bb global_colors_info=\u00a0\u00bb{}\u00a0\u00bb]Notre g\u00e9n\u00e9rateur d&rsquo;exercices p\u00e9dagogiques de litt\u00e9rature vous offre la possibilit\u00e9 de cr\u00e9er des exercices sur mesure, imprimables et gratuits. Que vous soyez enseignant, \u00e9tudiant ou simplement passionn\u00e9 de litt\u00e9rature, vous pouvez commencer d\u00e8s aujourd&rsquo;hui \u00e0 utiliser notre g\u00e9n\u00e9rateur pour cr\u00e9er des exercices adapt\u00e9s \u00e0 vos besoins. Avec notre outil en ligne, vous pouvez facilement g\u00e9n\u00e9rer des exercices vari\u00e9s, allant de questions de compr\u00e9hension \u00e0 des exercices d&rsquo;analyse de texte, en passant par des activit\u00e9s de r\u00e9daction. Une fois que vous avez cr\u00e9\u00e9 vos exercices, vous pouvez les imprimer et les distribuer en classe ou les utiliser comme support d&rsquo;\u00e9tude individuelle. Ne manquez pas cette opportunit\u00e9 gratuite de rendre l&rsquo;apprentissage de la litt\u00e9rature plus interactif et stimulant pour vos \u00e9tudiants.[\/et_pb_text][et_pb_code _builder_version=\u00a0\u00bb4.22.2&Prime; _module_preset=\u00a0\u00bbdefault\u00a0\u00bb global_colors_info=\u00a0\u00bb{}\u00a0\u00bb]<\/script><!-- [et_pb_line_break_holder] --><script type=\"text\/javascript\"><!-- [et_pb_line_break_holder] -->    document.addEventListener('DOMContentLoaded', function() {<!-- [et_pb_line_break_holder] -->        var selectElement = document.getElementById('wpaicg-form-field-0');<!-- [et_pb_line_break_holder] -->        if (selectElement) {<!-- [et_pb_line_break_holder] -->            selectElement.value = 'Litt\u00e9rature';<!-- [et_pb_line_break_holder] -->        }<!-- [et_pb_line_break_holder] -->    });<!-- [et_pb_line_break_holder] --><\/script>[\/et_pb_code][\/et_pb_column][\/et_pb_row][\/et_pb_section]<\/p>\n","protected":false},"excerpt":{"rendered":"<p>Notre g\u00e9n\u00e9rateur d&rsquo;exercices p\u00e9dagogiques de litt\u00e9rature vous offre la possibilit\u00e9 de cr\u00e9er des exercices sur mesure, imprimables et gratuits. Que vous soyez enseignant, \u00e9tudiant ou simplement passionn\u00e9 de litt\u00e9rature, vous pouvez commencer d\u00e8s aujourd&rsquo;hui \u00e0 utiliser notre g\u00e9n\u00e9rateur pour cr\u00e9er des exercices adapt\u00e9s \u00e0 vos besoins. Avec notre outil en ligne, vous pouvez facilement g\u00e9n\u00e9rer [&hellip;]<\/p>\n","protected":false},"author":5,"featured_media":0,"parent":40,"menu_order":0,"comment_status":"closed","ping_status":"closed","template":"","meta":{"_seopress_robots_primary_cat":"","_seopress_titles_title":"G\u00e9n\u00e9rateur d&#039;exercices en ligne en Litt\u00e9rature imprimables","_seopress_titles_desc":"\ud83d\udd8a\ufe0fG\u00e9n\u00e9rez des exercices de litt\u00e9rature sur mesure, imprimables et gratuits. Commencez aujourd&#039;hui!\ud83d\udcd6\t","_seopress_robots_index":"","_et_pb_use_builder":"on","_et_pb_old_content":"Notre g\u00e9n\u00e9rateur d'exercices p\u00e9dagogiques de litt\u00e9rature vous offre la possibilit\u00e9 de cr\u00e9er des exercices sur mesure, imprimables et gratuits. Que vous soyez enseignant, \u00e9tudiant ou simplement passionn\u00e9 de litt\u00e9rature, vous pouvez commencer d\u00e8s aujourd'hui \u00e0 utiliser notre g\u00e9n\u00e9rateur pour cr\u00e9er des exercices adapt\u00e9s \u00e0 vos besoins. Avec notre outil en ligne, vous pouvez facilement g\u00e9n\u00e9rer des exercices vari\u00e9s, allant de questions de compr\u00e9hension \u00e0 des exercices d'analyse de texte, en passant par des activit\u00e9s de r\u00e9daction. Une fois que vous avez cr\u00e9\u00e9 vos exercices, vous pouvez les imprimer et les distribuer en classe ou les utiliser comme support d'\u00e9tude individuelle. Ne manquez pas cette opportunit\u00e9 gratuite de rendre l'apprentissage de la litt\u00e9rature plus interactif et stimulant pour vos \u00e9tudiants.\r\n\r\n[button link=\"https:\/\/exos.education\/fr\/creez-vos-propres-exercices-educatifs-imprimable-avec-notre-generateur\/\"] \ud83d\udd8a\ufe0fG\u00e9n\u00e9rez des exercices de litt\u00e9rature sur mesure, imprimables et gratuits. Commencez aujourd'hui!\ud83d\udcd6[\/button]","_et_gb_content_width":"","footnotes":""},"class_list":["post-89","page","type-page","status-publish","hentry"],"_links":{"self":[{"href":"https:\/\/exos.education\/fr\/wp-json\/wp\/v2\/pages\/89","targetHints":{"allow":["GET"]}}],"collection":[{"href":"https:\/\/exos.education\/fr\/wp-json\/wp\/v2\/pages"}],"about":[{"href":"https:\/\/exos.education\/fr\/wp-json\/wp\/v2\/types\/page"}],"author":[{"embeddable":true,"href":"https:\/\/exos.education\/fr\/wp-json\/wp\/v2\/users\/5"}],"replies":[{"embeddable":true,"href":"https:\/\/exos.education\/fr\/wp-json\/wp\/v2\/comments?post=89"}],"version-history":[{"count":4,"href":"https:\/\/exos.education\/fr\/wp-json\/wp\/v2\/pages\/89\/revisions"}],"predecessor-version":[{"id":9462,"href":"https:\/\/exos.education\/fr\/wp-json\/wp\/v2\/pages\/89\/revisions\/9462"}],"up":[{"embeddable":true,"href":"https:\/\/exos.education\/fr\/wp-json\/wp\/v2\/pages\/40"}],"wp:attachment":[{"href":"https:\/\/exos.education\/fr\/wp-json\/wp\/v2\/media?parent=89"}],"curies":[{"name":"wp","href":"https:\/\/api.w.org\/{rel}","templated":true}]}}