{"id":93,"date":"2023-08-04T15:46:13","date_gmt":"2023-08-04T15:46:13","guid":{"rendered":"https:\/\/exos.education\/fr\/?page_id=93"},"modified":"2023-09-28T14:32:21","modified_gmt":"2023-09-28T13:32:21","slug":"cp","status":"publish","type":"page","link":"https:\/\/exos.education\/fr\/generateur-dexercices-pedagogiques-en-ligne-et-gratuits\/cp\/","title":{"rendered":"Cr\u00e9ez Vos Propres Exercices \u00c9ducatifs pour \u00e9l\u00e8ves de CP"},"content":{"rendered":"<p>[et_pb_section fb_built=\u00a0\u00bb1&Prime; _builder_version=\u00a0\u00bb4.16&Prime; global_colors_info=\u00a0\u00bb{}\u00a0\u00bb][et_pb_row _builder_version=\u00a0\u00bb4.16&Prime; background_size=\u00a0\u00bbinitial\u00a0\u00bb background_position=\u00a0\u00bbtop_left\u00a0\u00bb background_repeat=\u00a0\u00bbrepeat\u00a0\u00bb global_colors_info=\u00a0\u00bb{}\u00a0\u00bb][et_pb_column type=\u00a0\u00bb4_4&Prime; _builder_version=\u00a0\u00bb4.16&Prime; custom_padding=\u00a0\u00bb|||\u00a0\u00bb global_colors_info=\u00a0\u00bb{}\u00a0\u00bb custom_padding__hover=\u00a0\u00bb|||\u00a0\u00bb][et_pb_text _builder_version=\u00a0\u00bb4.21.0&Prime; background_size=\u00a0\u00bbinitial\u00a0\u00bb background_position=\u00a0\u00bbtop_left\u00a0\u00bb background_repeat=\u00a0\u00bbrepeat\u00a0\u00bb global_colors_info=\u00a0\u00bb{}\u00a0\u00bb]Notre g\u00e9n\u00e9rateur d&rsquo;exercices p\u00e9dagogiques en ligne vous permet de cr\u00e9er facilement des exercices personnalis\u00e9s pour les \u00e9l\u00e8ves de niveau CP. Ces exercices sont imprimables et gratuits, ce qui les rend accessibles \u00e0 tous. Que ce soit pour renforcer leurs comp\u00e9tences en math\u00e9matiques, en lecture ou en \u00e9criture, notre g\u00e9n\u00e9rateur vous offre la possibilit\u00e9 de cr\u00e9er des exercices adapt\u00e9s aux besoins sp\u00e9cifiques de chaque \u00e9l\u00e8ve. Essayez-le maintenant et d\u00e9couvrez \u00e0 quel point il peut \u00eatre simple et efficace de cr\u00e9er des exercices p\u00e9dagogiques de qualit\u00e9 pour vos \u00e9l\u00e8ves de CP.<\/p>\n<p>&nbsp;[\/et_pb_text][et_pb_code _builder_version=\u00a0\u00bb4.22.2&Prime; _module_preset=\u00a0\u00bbdefault\u00a0\u00bb global_colors_info=\u00a0\u00bb{}\u00a0\u00bb]<script type=\"text\/javascript\"><!-- [et_pb_line_break_holder] -->    document.addEventListener('DOMContentLoaded', function() {<!-- [et_pb_line_break_holder] -->        var selectElement2 = document.getElementById('wpaicg-form-field-1');<!-- [et_pb_line_break_holder] -->      if (selectElement2) {<!-- [et_pb_line_break_holder] -->            selectElement2.value = 'CP';<!-- [et_pb_line_break_holder] -->        }<!-- [et_pb_line_break_holder] -->    });<!-- [et_pb_line_break_holder] --><\/script> [\/et_pb_code][\/et_pb_column][\/et_pb_row][\/et_pb_section]<\/p>\n","protected":false},"excerpt":{"rendered":"<p>Notre g\u00e9n\u00e9rateur d&rsquo;exercices p\u00e9dagogiques en ligne vous permet de cr\u00e9er facilement des exercices personnalis\u00e9s pour les \u00e9l\u00e8ves de niveau CP. Ces exercices sont imprimables et gratuits, ce qui les rend accessibles \u00e0 tous. Que ce soit pour renforcer leurs comp\u00e9tences en math\u00e9matiques, en lecture ou en \u00e9criture, notre g\u00e9n\u00e9rateur vous offre la possibilit\u00e9 de cr\u00e9er [&hellip;]<\/p>\n","protected":false},"author":5,"featured_media":0,"parent":40,"menu_order":0,"comment_status":"closed","ping_status":"closed","template":"","meta":{"_seopress_robots_primary_cat":"","_seopress_titles_title":"G\u00e9n\u00e9rateur d&#039;exercices en ligne pour CP imprimables","_seopress_titles_desc":"\ud83c\udf92Cr\u00e9ez des exercices de niveau CP personnalis\u00e9s, imprimables et gratuits. Essayez-le maintenant!\ud83d\udc4d\t","_seopress_robots_index":"","_et_pb_use_builder":"on","_et_pb_old_content":"Notre g\u00e9n\u00e9rateur d'exercices p\u00e9dagogiques en ligne vous permet de cr\u00e9er facilement des exercices personnalis\u00e9s pour les \u00e9l\u00e8ves de niveau CP. Ces exercices sont imprimables et gratuits, ce qui les rend accessibles \u00e0 tous. Que ce soit pour renforcer leurs comp\u00e9tences en math\u00e9matiques, en lecture ou en \u00e9criture, notre g\u00e9n\u00e9rateur vous offre la possibilit\u00e9 de cr\u00e9er des exercices adapt\u00e9s aux besoins sp\u00e9cifiques de chaque \u00e9l\u00e8ve. Essayez-le maintenant et d\u00e9couvrez \u00e0 quel point il peut \u00eatre simple et efficace de cr\u00e9er des exercices p\u00e9dagogiques de qualit\u00e9 pour vos \u00e9l\u00e8ves de CP.\r\n\r\n[button link=\"https:\/\/exos.education\/fr\/creez-vos-propres-exercices-educatifs-imprimable-avec-notre-generateur\/\"] \ud83c\udf92Cr\u00e9ez des exercices de niveau CP personnalis\u00e9s, imprimables et gratuits. Essayez-le maintenant!\ud83d\udc4d[\/button]\r\n\r\n\u00a0","_et_gb_content_width":"","footnotes":""},"class_list":["post-93","page","type-page","status-publish","hentry"],"_links":{"self":[{"href":"https:\/\/exos.education\/fr\/wp-json\/wp\/v2\/pages\/93","targetHints":{"allow":["GET"]}}],"collection":[{"href":"https:\/\/exos.education\/fr\/wp-json\/wp\/v2\/pages"}],"about":[{"href":"https:\/\/exos.education\/fr\/wp-json\/wp\/v2\/types\/page"}],"author":[{"embeddable":true,"href":"https:\/\/exos.education\/fr\/wp-json\/wp\/v2\/users\/5"}],"replies":[{"embeddable":true,"href":"https:\/\/exos.education\/fr\/wp-json\/wp\/v2\/comments?post=93"}],"version-history":[{"count":23,"href":"https:\/\/exos.education\/fr\/wp-json\/wp\/v2\/pages\/93\/revisions"}],"predecessor-version":[{"id":9441,"href":"https:\/\/exos.education\/fr\/wp-json\/wp\/v2\/pages\/93\/revisions\/9441"}],"up":[{"embeddable":true,"href":"https:\/\/exos.education\/fr\/wp-json\/wp\/v2\/pages\/40"}],"wp:attachment":[{"href":"https:\/\/exos.education\/fr\/wp-json\/wp\/v2\/media?parent=93"}],"curies":[{"name":"wp","href":"https:\/\/api.w.org\/{rel}","templated":true}]}}