{"id":97,"date":"2023-08-04T15:46:53","date_gmt":"2023-08-04T15:46:53","guid":{"rendered":"https:\/\/exos.education\/fr\/?page_id=97"},"modified":"2023-09-28T14:32:46","modified_gmt":"2023-09-28T13:32:46","slug":"ce1","status":"publish","type":"page","link":"https:\/\/exos.education\/fr\/generateur-dexercices-pedagogiques-en-ligne-et-gratuits\/ce1\/","title":{"rendered":"Cr\u00e9ez Vos Propres Exercices \u00c9ducatifs pour \u00e9l\u00e8ves de CE1"},"content":{"rendered":"<p>[et_pb_section fb_built=\u00a0\u00bb1&Prime; _builder_version=\u00a0\u00bb4.16&Prime; global_colors_info=\u00a0\u00bb{}\u00a0\u00bb][et_pb_row _builder_version=\u00a0\u00bb4.16&Prime; background_size=\u00a0\u00bbinitial\u00a0\u00bb background_position=\u00a0\u00bbtop_left\u00a0\u00bb background_repeat=\u00a0\u00bbrepeat\u00a0\u00bb global_colors_info=\u00a0\u00bb{}\u00a0\u00bb][et_pb_column type=\u00a0\u00bb4_4&Prime; _builder_version=\u00a0\u00bb4.16&Prime; custom_padding=\u00a0\u00bb|||\u00a0\u00bb global_colors_info=\u00a0\u00bb{}\u00a0\u00bb custom_padding__hover=\u00a0\u00bb|||\u00a0\u00bb][et_pb_text _builder_version=\u00a0\u00bb4.21.0&Prime; background_size=\u00a0\u00bbinitial\u00a0\u00bb background_position=\u00a0\u00bbtop_left\u00a0\u00bb background_repeat=\u00a0\u00bbrepeat\u00a0\u00bb global_colors_info=\u00a0\u00bb{}\u00a0\u00bb]Le g\u00e9n\u00e9rateur d&rsquo;exercices en ligne pour le niveau CE1 est un outil p\u00e9dagogique pratique et efficace. Il permet de cr\u00e9er des exercices personnalis\u00e9s adapt\u00e9s au niveau des \u00e9l\u00e8ves de CE1. Ces exercices sont imprimables, ce qui facilite leur utilisation en classe ou \u00e0 la maison. De plus, cet outil est gratuit, ce qui le rend accessible \u00e0 tous. Les enseignants peuvent commencer \u00e0 l&rsquo;utiliser d\u00e8s maintenant pour diversifier leurs activit\u00e9s en classe et renforcer les apprentissages des \u00e9l\u00e8ves de CE1. Les exercices g\u00e9n\u00e9r\u00e9s sont vari\u00e9s, attrayants et favorisent l&rsquo;engagement des \u00e9l\u00e8ves dans leur apprentissage.[\/et_pb_text][et_pb_code _builder_version=\u00a0\u00bb4.22.2&Prime; _module_preset=\u00a0\u00bbdefault\u00a0\u00bb global_colors_info=\u00a0\u00bb{}\u00a0\u00bb]<script type=\"text\/javascript\"><!-- [et_pb_line_break_holder] -->    document.addEventListener('DOMContentLoaded', function() {<!-- [et_pb_line_break_holder] -->        var selectElement2 = document.getElementById('wpaicg-form-field-1');<!-- [et_pb_line_break_holder] -->      if (selectElement2) {<!-- [et_pb_line_break_holder] -->            selectElement2.value = 'CE1';<!-- [et_pb_line_break_holder] -->        }<!-- [et_pb_line_break_holder] -->    });<!-- [et_pb_line_break_holder] --><\/script> [\/et_pb_code][\/et_pb_column][\/et_pb_row][\/et_pb_section]<\/p>\n","protected":false},"excerpt":{"rendered":"<p>Le g\u00e9n\u00e9rateur d&rsquo;exercices en ligne pour le niveau CE1 est un outil p\u00e9dagogique pratique et efficace. Il permet de cr\u00e9er des exercices personnalis\u00e9s adapt\u00e9s au niveau des \u00e9l\u00e8ves de CE1. Ces exercices sont imprimables, ce qui facilite leur utilisation en classe ou \u00e0 la maison. De plus, cet outil est gratuit, ce qui le rend [&hellip;]<\/p>\n","protected":false},"author":5,"featured_media":0,"parent":40,"menu_order":0,"comment_status":"closed","ping_status":"closed","template":"","meta":{"_seopress_robots_primary_cat":"","_seopress_titles_title":"G\u00e9n\u00e9rateur d&#039;exercices en ligne pour CE1 imprimables","_seopress_titles_desc":"\ud83d\udcddCr\u00e9ez des exercices de niveau CE1 personnalis\u00e9s, imprimables et gratuits. Commencez d\u00e8s maintenant!\u270f\ufe0f\t","_seopress_robots_index":"","_et_pb_use_builder":"on","_et_pb_old_content":"Le g\u00e9n\u00e9rateur d'exercices en ligne pour le niveau CE1 est un outil p\u00e9dagogique pratique et efficace. Il permet de cr\u00e9er des exercices personnalis\u00e9s adapt\u00e9s au niveau des \u00e9l\u00e8ves de CE1. Ces exercices sont imprimables, ce qui facilite leur utilisation en classe ou \u00e0 la maison. De plus, cet outil est gratuit, ce qui le rend accessible \u00e0 tous. Les enseignants peuvent commencer \u00e0 l'utiliser d\u00e8s maintenant pour diversifier leurs activit\u00e9s en classe et renforcer les apprentissages des \u00e9l\u00e8ves de CE1. Les exercices g\u00e9n\u00e9r\u00e9s sont vari\u00e9s, attrayants et favorisent l'engagement des \u00e9l\u00e8ves dans leur apprentissage.\r\n\r\n[button link=\"https:\/\/exos.education\/fr\/creez-vos-propres-exercices-educatifs-imprimable-avec-notre-generateur\/\"] \ud83d\udcddCr\u00e9ez des exercices de niveau CE1 personnalis\u00e9s, imprimables et gratuits. Commencez d\u00e8s maintenant!\u270f\ufe0f[\/button]","_et_gb_content_width":"","footnotes":""},"class_list":["post-97","page","type-page","status-publish","hentry"],"_links":{"self":[{"href":"https:\/\/exos.education\/fr\/wp-json\/wp\/v2\/pages\/97","targetHints":{"allow":["GET"]}}],"collection":[{"href":"https:\/\/exos.education\/fr\/wp-json\/wp\/v2\/pages"}],"about":[{"href":"https:\/\/exos.education\/fr\/wp-json\/wp\/v2\/types\/page"}],"author":[{"embeddable":true,"href":"https:\/\/exos.education\/fr\/wp-json\/wp\/v2\/users\/5"}],"replies":[{"embeddable":true,"href":"https:\/\/exos.education\/fr\/wp-json\/wp\/v2\/comments?post=97"}],"version-history":[{"count":5,"href":"https:\/\/exos.education\/fr\/wp-json\/wp\/v2\/pages\/97\/revisions"}],"predecessor-version":[{"id":9448,"href":"https:\/\/exos.education\/fr\/wp-json\/wp\/v2\/pages\/97\/revisions\/9448"}],"up":[{"embeddable":true,"href":"https:\/\/exos.education\/fr\/wp-json\/wp\/v2\/pages\/40"}],"wp:attachment":[{"href":"https:\/\/exos.education\/fr\/wp-json\/wp\/v2\/media?parent=97"}],"curies":[{"name":"wp","href":"https:\/\/api.w.org\/{rel}","templated":true}]}}